{"id":3,"date":"2025-11-01T16:32:20","date_gmt":"2025-11-01T16:32:20","guid":{"rendered":"http:\/\/porzela.com\/?page_id=3"},"modified":"2025-11-05T17:51:35","modified_gmt":"2025-11-05T09:51:35","slug":"datenschutzerklarung","status":"publish","type":"page","link":"https:\/\/porzela.com\/de\/privacy-policy\/","title":{"rendered":"Datenschutzrichtlinie"},"content":{"rendered":"<h2 class=\"wp-block-heading\">Wer wir sind<\/h2>\n\n\n<p><strong class=\"privacy-policy-tutorial\">Vorgeschlagener Text: <\/strong>Unsere Website-Adresse lautet: http:\/\/porzela.com.<\/p>\n\n\n<h2 class=\"wp-block-heading\">Kommentare<\/h2>\n\n\n<p><strong class=\"privacy-policy-tutorial\">Vorgeschlagener Text: <\/strong>Wenn Besucher Kommentare auf der Website hinterlassen, sammeln wir die in der Kommentarfomular angezeigten Daten sowie die IP-Adresse des Besuchers und die Browser-User-Agent-Zeichenkette, um Spam-Erkennung zu unterst\u00fctzen.<\/p>\n\n\n<p>Eine anonymisierte Zeichenfolge, die aus Ihrer E-Mail-Adresse erstellt wird (auch als Hash bezeichnet), kann dem Gravatar-Dienst bereitgestellt werden, um zu pr\u00fcfen, ob Sie ihn verwenden. Die Datenschutzrichtlinie des Gravatar-Dienstes ist hier verf\u00fcgbar: https:\/\/automattic.com\/privacy\/. Nach Ihrer Freigabe des Kommentars ist Ihr Profilbild im Kontext Ihres Kommentars f\u00fcr die \u00d6ffentlichkeit sichtbar.<\/p>\n\n\n<h2 class=\"wp-block-heading\">Medien<\/h2>\n\n\n<p><strong class=\"privacy-policy-tutorial\">Vorgeschlagener Text: <\/strong>Wenn Sie Bilder auf die Website hochladen, sollten Sie vermeiden, Bilder mit eingebetteten Standortdaten (EXIF GPS), die enthalten sind, hochzuladen. Besucher der Website k\u00f6nnen alle Standortdaten aus Bildern auf der Website herunterladen und extrahieren.<\/p>\n\n\n<h2 class=\"wp-block-heading\">Cookies<\/h2>\n\n\n<p><strong class=\"privacy-policy-tutorial\">Vorgeschlagener Text: <\/strong>Wenn Sie einen Kommentar auf unserer Website hinterlassen, k\u00f6nnen Sie sich daf\u00fcr entscheiden, Ihren Namen, Ihre E-Mail-Adresse und Ihre Website in Cookies zu speichern. Dies dient Ihrer Bequemlichkeit, damit Sie Ihre Angaben nicht erneut ausf\u00fcllen m\u00fcssen, wenn Sie einen weiteren Kommentar hinterlassen. Diese Cookies sind ein Jahr lang g\u00fcltig.<\/p>\n\n\n<p>Wenn Sie unsere Login-Seite besuchen, setzen wir ein tempor\u00e4res Cookie, um festzustellen, ob Ihr Browser Cookies akzeptiert. Dieses Cookie enth\u00e4lt keine personenbezogenen Daten und wird verworfen, wenn Sie Ihren Browser schlie\u00dfen.<\/p>\n\n\n<p>Wenn Sie sich anmelden, richten wir au\u00dferdem mehrere Cookies ein, um Ihre Anmeldeinformationen und Ihre Bildschirmdarstellungs-Einstellungen zu speichern. Anmelde-Cookies sind zwei Tage lang g\u00fcltig, und Cookies f\u00fcr die Bildschirmeinstellungen sind ein Jahr lang g\u00fcltig. Wenn Sie \"Angemeldet bleiben\" ausw\u00e4hlen, bleibt Ihre Anmeldung zwei Wochen lang bestehen. Wenn Sie sich von Ihrem Konto abmelden, werden die Anmelde-Cookies entfernt.<\/p>\n\n\n<p>Wenn Sie einen Artikel bearbeiten oder ver\u00f6ffentlichen, wird in Ihrem Browser ein zus\u00e4tzliches Cookie gespeichert. Dieses Cookie enth\u00e4lt keine personenbezogenen Daten und zeigt lediglich die Beitrags-ID des Artikels an, den Sie gerade bearbeitet haben. Es l\u00e4uft nach 1 Tag ab.<\/p>\n\n\n<h2 class=\"wp-block-heading\">Eingebetteter Inhalt von anderen Websites<\/h2>\n\n\n<p><strong class=\"privacy-policy-tutorial\">Vorgeschlagener Text: <\/strong>Artikel auf dieser Website k\u00f6nnen eingebetteten Inhalt enthalten (z. B. Videos, Bilder, Artikel usw.). Eingebetteter Inhalt von anderen Websites verh\u00e4lt sich in genau derselben Weise, als h\u00e4tte der Besucher die andere Website besucht.<\/p>\n\n\n<p>Diese Websites k\u00f6nnen Daten \u00fcber Sie sammeln, Cookies verwenden, zus\u00e4tzliche Tracking-Dienste von Drittanbietern einbetten und Ihre Interaktion mit den eingebetteten Inhalten \u00fcberwachen, einschlie\u00dflich des Trackings Ihrer Interaktion mit den eingebetteten Inhalten, wenn Sie ein Konto haben und bei dieser Website angemeldet sind.<\/p>\n\n\n<h2 class=\"wp-block-heading\">An wen wir Ihre Daten weitergeben<\/h2>\n\n\n<p><strong class=\"privacy-policy-tutorial\">Vorgeschlagener Text: <\/strong>Wenn Sie eine Zur\u00fccksetzung des Passworts anfordern, wird Ihre IP-Adresse in der E-Mail zur Zur\u00fccksetzung enthalten sein.<\/p>\n\n\n<h2 class=\"wp-block-heading\">Wie lange wir Ihre Daten speichern<\/h2>\n\n\n<p><strong class=\"privacy-policy-tutorial\">Vorgeschlagener Text: <\/strong>Wenn Sie einen Kommentar hinterlassen, wird der Kommentar und seine Metadaten dauerhaft gespeichert. So k\u00f6nnen wir alle nachfolgenden Kommentare automatisch erkennen und freigeben, statt sie in einer Moderationswarteschlange zur\u00fcckzuhalten.<\/p>\n\n\n<p>F\u00fcr Nutzer, die sich auf unserer Website registrieren (falls vorhanden), speichern wir au\u00dferdem die von ihnen in ihrem Nutzerprofil bereitgestellten personenbezogenen Informationen. Alle Nutzer k\u00f6nnen ihre personenbezogenen Informationen jederzeit ansehen, bearbeiten oder l\u00f6schen (mit Ausnahme dessen, dass sie ihren Benutzernamen nicht \u00e4ndern k\u00f6nnen). Website-Administratoren k\u00f6nnen diese Informationen ebenfalls ansehen und bearbeiten.<\/p>\n\n\n<h2 class=\"wp-block-heading\">Welche Rechte Sie in Bezug auf Ihre Daten haben<\/h2>\n\n\n<p><strong class=\"privacy-policy-tutorial\">Vorgeschlagener Text: <\/strong>Wenn Sie ein Konto auf dieser Website haben oder Kommentare hinterlassen haben, k\u00f6nnen Sie anfordern, dass Sie eine exportierte Datei mit den personenbezogenen Daten erhalten, die wir \u00fcber Sie speichern, einschlie\u00dflich aller Daten, die Sie uns bereitgestellt haben. Sie k\u00f6nnen au\u00dferdem beantragen, dass wir alle personenbezogenen Daten, die wir \u00fcber Sie speichern, l\u00f6schen. Dies umfasst keine Daten, die wir verpflichtet sind, f\u00fcr administrative, rechtliche oder sicherheitstechnische Zwecke aufzubewahren.<\/p>\n\n\n<h2 class=\"wp-block-heading\">Wohin Ihre Daten gesendet werden<\/h2>\n\n\n<p><strong class=\"privacy-policy-tutorial\">Vorgeschlagener Text: <\/strong>Kommentare von Besuchern k\u00f6nnen \u00fcber einen automatisierten Spam-Erkennungsdienst gepr\u00fcft werden.<\/p>","protected":false},"excerpt":{"rendered":"<p>Who we are Suggested text: Our website address is: http:\/\/porzela.com. Comments Suggested text: When visitors leave comments on the site<\/p>","protected":false},"author":1,"featured_media":0,"parent":0,"menu_order":0,"comment_status":"closed","ping_status":"closed","template":"","meta":{"footnotes":""},"class_list":["post-3","page","type-page","status-publish","hentry"],"_links":{"self":[{"href":"https:\/\/porzela.com\/de\/wp-json\/wp\/v2\/pages\/3","targetHints":{"allow":["GET"]}}],"collection":[{"href":"https:\/\/porzela.com\/de\/wp-json\/wp\/v2\/pages"}],"about":[{"href":"https:\/\/porzela.com\/de\/wp-json\/wp\/v2\/types\/page"}],"author":[{"embeddable":true,"href":"https:\/\/porzela.com\/de\/wp-json\/wp\/v2\/users\/1"}],"replies":[{"embeddable":true,"href":"https:\/\/porzela.com\/de\/wp-json\/wp\/v2\/comments?post=3"}],"version-history":[{"count":1,"href":"https:\/\/porzela.com\/de\/wp-json\/wp\/v2\/pages\/3\/revisions"}],"predecessor-version":[{"id":2435,"href":"https:\/\/porzela.com\/de\/wp-json\/wp\/v2\/pages\/3\/revisions\/2435"}],"wp:attachment":[{"href":"https:\/\/porzela.com\/de\/wp-json\/wp\/v2\/media?parent=3"}],"curies":[{"name":"wp","href":"https:\/\/api.w.org\/{rel}","templated":true}]}}