{"id":1434,"date":"2025-11-02T09:26:24","date_gmt":"2025-11-02T09:26:24","guid":{"rendered":"https:\/\/porzela.com\/product\/japanese-gold-hammered-glass-ins-style-kung-fu-tea-gold-rimmed-sake-cup-master-tea-bowl-tea-set-home-kitchenware\/"},"modified":"2026-03-19T00:38:29","modified_gmt":"2026-03-18T16:38:29","slug":"japanese-gold-hammered-glass-ins-style-kung-fu-tea-gold-rimmed-sake-cup-master-tea-bowl-tea-set-home-kitchenware","status":"publish","type":"product","link":"https:\/\/porzela.com\/de\/shop\/japanese-gold-hammered-glass-ins-style-kung-fu-tea-gold-rimmed-sake-cup-master-tea-bowl-tea-set-home-kitchenware\/","title":{"rendered":"Japanische Gold geh\u00e4mmerte Glas-Ins-Stil Kung-Fu-Tee Goldgerandete Sake-Tasse Meister-Tee-Schale Teeset K\u00fcchenzubeh\u00f6r f\u00fcr Zuhause"},"content":{"rendered":"<div class=\"product-specs-list-container\">\n<ul class=\"product-specs-list util-clearfix\">\n<li class=\"product-prop line-limit-length\"><span\n                                        class=\"property-title\">High-concerned chemical:&nbsp;<\/span><span\n                                        class=\"property-desc line-limit-length\">None<\/span>\n                            <\/li>\n<li class=\"product-prop line-limit-length\"><span\n                                        class=\"property-title\">Type:&nbsp;<\/span><span\n                                        class=\"property-desc line-limit-length\">Teacups<\/span>\n                            <\/li>\n<li class=\"product-prop line-limit-length\"><span\n                                        class=\"property-title\">Material:&nbsp;<\/span><span\n                                        class=\"property-desc line-limit-length\">Glass<\/span>\n                            <\/li>\n<li class=\"product-prop line-limit-length\"><span\n                                        class=\"property-title\">Brand Name:&nbsp;<\/span><span\n                                        class=\"property-desc line-limit-length\">Dateco<\/span>\n                            <\/li>\n<li class=\"product-prop line-limit-length\"><span\n                                        class=\"property-title\">Origin:&nbsp;<\/span><span\n                                        class=\"property-desc line-limit-length\">Mainland China<\/span>\n                            <\/li>\n<\/ul><\/div>\n<div class=\"detailmodule_html\">\n<div class=\"detail-desc-decorate-richtext\">\n<div><span style=\"font-size:24px\"><span style=\"font-family:Arial, Helvetica, sans-serif\"><\/span><\/span><kse:widget data-widget-type=\"customText\" id=\"1005000011764409\" type=\"relation\"><\/kse:widget><span style=\"font-size:24px\"><span style=\"font-family:Arial, Helvetica, sans-serif\">Product Description:<\/p>\n<p>1) Color: as shown in the picture<\/p>\n<p>2) Material: glass<\/p>\n<p>3) Size: as shown in the picture<\/p>\n<p>4) Quantity: only 1 product in each order<\/p>\n<p>Applicable scenes:<\/p>\n<p>Japanese-style small tea cups, a variety of styles for you to choose from, can meet your different needs. Small and exquisite, make you love it!<\/p>\n<p>Attention\uff1a<\/p>\n<p>1\uff09Do not close to high temperature, open flame<\/p>\n<p>2) Please do not let children use it alone<\/p>\n<p>3) The product size and photos are taken by hand, there are color differences and size errors, specific to prevail in kind<\/p>\n<p>4) Give us a 5-star positive feedback after you receive the goods. If there is a problem with the goods received, do not a bad comment, contact us in a timely manner, we will give you a satisfactory answer!<\/span><\/span><\/div>\n<p style=\"text-align:left;margin:0px;margin-bottom:0px;margin-top:0px;margin-left:0px;margin-right:0px\" align=\"left\"><img decoding=\"async\" src=\"https:\/\/ae-pic-a1.aliexpress-media.com\/kf\/S9b58843795c9448282559460f502c1c4c.jpg?width=800&amp;height=800&amp;hash=1600\" slate-data-type=\"image\"\/><img decoding=\"async\" src=\"https:\/\/ae-pic-a1.aliexpress-media.com\/kf\/S836994669b084acba496d9b0c119da1aV.jpg?width=800&amp;height=800&amp;hash=1600\" slate-data-type=\"image\"\/><img decoding=\"async\" src=\"https:\/\/ae-pic-a1.aliexpress-media.com\/kf\/S72426959df374714bda5594494d4a5b4m.jpg?width=800&amp;height=800&amp;hash=1600\" slate-data-type=\"image\"\/><img decoding=\"async\" src=\"https:\/\/ae-pic-a1.aliexpress-media.com\/kf\/S9d7d8ef204cc4177b8ad182014f2918fW.jpg?width=800&amp;height=800&amp;hash=1600\" slate-data-type=\"image\"\/><img decoding=\"async\" src=\"https:\/\/ae-pic-a1.aliexpress-media.com\/kf\/S11957c40efa142c0b65ca5f0e2be6eceu.jpg?width=800&amp;height=800&amp;hash=1600\" slate-data-type=\"image\"\/><img decoding=\"async\" src=\"https:\/\/ae-pic-a1.aliexpress-media.com\/kf\/Sd06d00cca01a4c84ac22dbbcbcf3fd48y.jpg?width=800&amp;height=800&amp;hash=1600\" slate-data-type=\"image\"\/><\/p>\n<div><\/div>\n<\/div>\n<\/div>\n<p><\/p>","protected":false},"excerpt":{"rendered":"<p>High-concerned chemical:&nbsp;None Type:&nbsp;Teacups Material:&nbsp;Glass Brand Name:&nbsp;Dateco Origin:&nbsp;Mainland China Product Description: 1) Color: as shown in the picture 2) Material: glass<\/p>","protected":false},"featured_media":1435,"comment_status":"open","ping_status":"closed","template":"","meta":[],"product_brand":[],"product_cat":[32],"product_tag":[],"class_list":{"0":"post-1434","1":"product","2":"type-product","3":"status-publish","4":"has-post-thumbnail","6":"product_cat-chinese-teaware","8":"first","9":"instock","10":"shipping-taxable","11":"purchasable","12":"product-type-variable"},"_links":{"self":[{"href":"https:\/\/porzela.com\/de\/wp-json\/wp\/v2\/product\/1434","targetHints":{"allow":["GET"]}}],"collection":[{"href":"https:\/\/porzela.com\/de\/wp-json\/wp\/v2\/product"}],"about":[{"href":"https:\/\/porzela.com\/de\/wp-json\/wp\/v2\/types\/product"}],"replies":[{"embeddable":true,"href":"https:\/\/porzela.com\/de\/wp-json\/wp\/v2\/comments?post=1434"}],"version-history":[{"count":1,"href":"https:\/\/porzela.com\/de\/wp-json\/wp\/v2\/product\/1434\/revisions"}],"predecessor-version":[{"id":1588,"href":"https:\/\/porzela.com\/de\/wp-json\/wp\/v2\/product\/1434\/revisions\/1588"}],"wp:featuredmedia":[{"embeddable":true,"href":"https:\/\/porzela.com\/de\/wp-json\/wp\/v2\/media\/1435"}],"wp:attachment":[{"href":"https:\/\/porzela.com\/de\/wp-json\/wp\/v2\/media?parent=1434"}],"wp:term":[{"taxonomy":"product_brand","embeddable":true,"href":"https:\/\/porzela.com\/de\/wp-json\/wp\/v2\/product_brand?post=1434"},{"taxonomy":"product_cat","embeddable":true,"href":"https:\/\/porzela.com\/de\/wp-json\/wp\/v2\/product_cat?post=1434"},{"taxonomy":"product_tag","embeddable":true,"href":"https:\/\/porzela.com\/de\/wp-json\/wp\/v2\/product_tag?post=1434"}],"curies":[{"name":"wp","href":"https:\/\/api.w.org\/{rel}","templated":true}]}}