{"id":1452,"date":"2025-11-02T09:26:24","date_gmt":"2025-11-02T09:26:24","guid":{"rendered":"https:\/\/porzela.com\/product\/authentic-jianzhan-hundred-flower-tenmokus-cups-ceramic-tea-bowl-natural-clay-ore-kiln-fired-chinese-ancient-crafts\/"},"modified":"2026-03-19T00:38:28","modified_gmt":"2026-03-18T16:38:28","slug":"authentic-jianzhan-hundred-flower-tenmokus-cups-ceramic-tea-bowl-natural-clay-ore-kiln-fired-chinese-ancient-crafts","status":"publish","type":"product","link":"https:\/\/porzela.com\/es\/shop\/authentic-jianzhan-hundred-flower-tenmokus-cups-ceramic-tea-bowl-natural-clay-ore-kiln-fired-chinese-ancient-crafts\/","title":{"rendered":"Tazas aut\u00e9nticas Jianzhan de cien flores, tazas Tenmokus, cuenco de t\u00e9 de cer\u00e1mica, arcilla natural, mena de horno, fabricado y cocido en horno chino de artes antiguas"},"content":{"rendered":"<div class=\"product-specs-list-container\">\n<ul class=\"product-specs-list util-clearfix\">\n<li class=\"product-prop line-limit-length\"><span\n                                        class=\"property-title\">High-concerned chemical:&nbsp;<\/span><span\n                                        class=\"property-desc line-limit-length\">None<\/span>\n                            <\/li>\n<li class=\"product-prop line-limit-length\"><span\n                                        class=\"property-title\">Type:&nbsp;<\/span><span\n                                        class=\"property-desc line-limit-length\">Teacups<\/span>\n                            <\/li>\n<li class=\"product-prop line-limit-length\"><span\n                                        class=\"property-title\">Material:&nbsp;<\/span><span\n                                        class=\"property-desc line-limit-length\">Ceramic<\/span>\n                            <\/li>\n<li class=\"product-prop line-limit-length\"><span\n                                        class=\"property-title\">Brand Name:&nbsp;<\/span><span\n                                        class=\"property-desc line-limit-length\">MOZHAN<\/span>\n                            <\/li>\n<li class=\"product-prop line-limit-length\"><span\n                                        class=\"property-title\">Ceramic Type:&nbsp;<\/span><span\n                                        class=\"property-desc line-limit-length\">Porcelain<\/span>\n                            <\/li>\n<li class=\"product-prop line-limit-length\"><span\n                                        class=\"property-title\">Origin:&nbsp;<\/span><span\n                                        class=\"property-desc line-limit-length\">Mainland China<\/span>\n                            <\/li>\n<li class=\"product-prop line-limit-length\"><span\n                                        class=\"property-title\">Technics:&nbsp;<\/span><span\n                                        class=\"property-desc line-limit-length\">Under Glazed<\/span>\n                            <\/li>\n<li class=\"product-prop line-limit-length\"><span\n                                        class=\"property-title\">Model:&nbsp;<\/span><span\n                                        class=\"property-desc line-limit-length\">JZ1002049<\/span>\n                            <\/li>\n<li class=\"product-prop line-limit-length\"><span\n                                        class=\"property-title\">Size:&nbsp;<\/span><span\n                                        class=\"property-desc line-limit-length\">dia.9&#215;4.9cm<\/span>\n                            <\/li>\n<li class=\"product-prop line-limit-length\"><span\n                                        class=\"property-title\">Color:&nbsp;<\/span><span\n                                        class=\"property-desc line-limit-length\">as photoes shown<\/span>\n                            <\/li>\n<li class=\"product-prop line-limit-length\"><span\n                                        class=\"property-title\">Volume:&nbsp;<\/span><span\n                                        class=\"property-desc line-limit-length\">120ml\/4.06oz<\/span>\n                            <\/li>\n<li class=\"product-prop line-limit-length\"><span\n                                        class=\"property-title\">Parcel:&nbsp;<\/span><span\n                                        class=\"property-desc line-limit-length\">1pc cup+gift pouch +certificate<\/span>\n                            <\/li>\n<\/ul><\/div>\n<p><\/p>\n<div class=\"detailmodule_text\">\n<div class=\"detailmodule_text\">\n<p style=\"text-align:center\" align=\"center\"><strong><span style=\"color:rgb(244, 78, 59);font-size:18px\">\u00a0Why to Choose Jianzhan Tea Cup <\/span><\/strong><\/p>\n<div><\/div>\n<\/div>\n<div class=\"detailmodule_text\">\n<p class=\"detail-desc-decorate-content\">1. \u00a0The craft of Jianzhan originated from that of Song Dynasty,it is thousands of<\/p>\n<\/div>\n<div class=\"detailmodule_text\">\n<p class=\"detail-desc-decorate-content\">\u00a0 \u00a0 \u00a0years&#x27;craft, it is traditional,natural,valuable and collectable.<\/p>\n<\/div>\n<div class=\"detailmodule_text\">\n<p class=\"detail-desc-decorate-content\">2. \u00a0normal tea cup is easy to break,jianzhan is not.<\/p>\n<\/div>\n<div class=\"detailmodule_text\">\n<p class=\"detail-desc-decorate-content\">3. Jianzhan is thicker wall than normal tea cup to keep warm.<\/p>\n<\/div>\n<div class=\"detailmodule_text\">\n<p class=\"detail-desc-decorate-content\">4. Jianzhan can soften the drinking water,make the taste better and it is good to human<\/p>\n<\/div>\n<div class=\"detailmodule_text\">\n<p class=\"detail-desc-decorate-content\">\u00a0 \u00a0 health.<\/p>\n<\/div>\n<div class=\"detailmodule_text\">\n<p class=\"detail-desc-decorate-content\">5. Jianzhan is unique and beautiful,its pattern is naturally formed in kiln under high<\/p>\n<\/div>\n<div class=\"detailmodule_text\">\n<p class=\"detail-desc-decorate-content\">\u00a0 \u00a0 temporature around 1300 degrees Celsius.<\/p>\n<\/div>\n<div class=\"detailmodule_text\">\n<p class=\"detail-desc-decorate-content\">6. Jianzhan is made by natural ore glaze and clay,it is eco-friendly.<\/p>\n<\/div>\n<div><\/div>\n<p style=\"text-align:center\" align=\"center\"><\/p>\n<\/div>\n<div class=\"detailmodule_text\">\n<p class=\"detail-desc-decorate-content\"><strong>Descriptions:<\/strong><\/p>\n<\/div>\n<div class=\"detailmodule_text\">\n<p style=\"color:rgb(0, 0, 0)\">Condition:completely new<\/p>\n<\/div>\n<div class=\"detailmodule_text\">\n<p style=\"color:rgb(0, 0, 0)\">Size:\u00a0\u00d89&#215;4.9cm \/ \u00d83.54&#215;1.93&quot;<\/p>\n<\/div>\n<div class=\"detailmodule_text\">\n<p style=\"color:rgb(0, 0, 0)\">Capacity: 120ml\/4.06oz<\/p>\n<p>Parcel Includes:1pc cup+certificate<\/p>\n<\/div>\n<div class=\"detailmodule_text\"><\/div>\n<div class=\"detailmodule_text\"><\/div>\n<div class=\"detailmodule_image\"><img decoding=\"async\" src=\"https:\/\/ae01.alicdn.com\/kf\/Hd5efc275e7744f3bbaaf27945c15ce77Q.jpg\" slate-data-type=\"image\"\/><img decoding=\"async\" src=\"https:\/\/ae01.alicdn.com\/kf\/H468a98d00ae6467fb704a96fb567ce82W.jpg\" slate-data-type=\"image\"\/><img decoding=\"async\" src=\"https:\/\/ae01.alicdn.com\/kf\/H4b284ea910df463798ed96d9d3dfda2cU.jpg\" slate-data-type=\"image\"\/><img decoding=\"async\" src=\"https:\/\/ae01.alicdn.com\/kf\/H19c57935410244a6b586b727e6edaefeo.jpg\" slate-data-type=\"image\"\/><img decoding=\"async\" src=\"https:\/\/ae01.alicdn.com\/kf\/He5d613bc35fe4529a0283b20131b3d779.jpg\" slate-data-type=\"image\"\/><img decoding=\"async\" src=\"https:\/\/ae01.alicdn.com\/kf\/H56a8258bfbe349dabc20594e459ab358c.jpg\" slate-data-type=\"image\"\/><img decoding=\"async\" src=\"https:\/\/ae01.alicdn.com\/kf\/H6d6cd2f96ac84f61830f31dc3d20189bj.jpg\" slate-data-type=\"image\"\/><\/div>\n<div class=\"detailmodule_image\"><img decoding=\"async\" class=\"detail-desc-decorate-image\" src=\"https:\/\/ae01.alicdn.com\/kf\/H004b0ad460224890bb4b36dd41d494c8c.jpg\" slate-data-type=\"image\"\/><\/div>\n<p><\/p>","protected":false},"excerpt":{"rendered":"<p>High-concerned chemical:&nbsp;None Type:&nbsp;Teacups Material:&nbsp;Ceramic Brand Name:&nbsp;MOZHAN Ceramic Type:&nbsp;Porcelain Origin:&nbsp;Mainland China Technics:&nbsp;Under Glazed Model:&nbsp;JZ1002049 Size:&nbsp;dia.9&#215;4.9cm Color:&nbsp;as photoes shown Volume:&nbsp;120ml\/4.06oz Parcel:&nbsp;1pc cup+gift<\/p>","protected":false},"featured_media":1453,"comment_status":"open","ping_status":"closed","template":"","meta":[],"product_brand":[],"product_cat":[32],"product_tag":[],"class_list":{"0":"post-1452","1":"product","2":"type-product","3":"status-publish","4":"has-post-thumbnail","6":"product_cat-chinese-teaware","8":"first","9":"instock","10":"shipping-taxable","11":"purchasable","12":"product-type-variable"},"_links":{"self":[{"href":"https:\/\/porzela.com\/es\/wp-json\/wp\/v2\/product\/1452","targetHints":{"allow":["GET"]}}],"collection":[{"href":"https:\/\/porzela.com\/es\/wp-json\/wp\/v2\/product"}],"about":[{"href":"https:\/\/porzela.com\/es\/wp-json\/wp\/v2\/types\/product"}],"replies":[{"embeddable":true,"href":"https:\/\/porzela.com\/es\/wp-json\/wp\/v2\/comments?post=1452"}],"version-history":[{"count":1,"href":"https:\/\/porzela.com\/es\/wp-json\/wp\/v2\/product\/1452\/revisions"}],"predecessor-version":[{"id":1590,"href":"https:\/\/porzela.com\/es\/wp-json\/wp\/v2\/product\/1452\/revisions\/1590"}],"wp:featuredmedia":[{"embeddable":true,"href":"https:\/\/porzela.com\/es\/wp-json\/wp\/v2\/media\/1453"}],"wp:attachment":[{"href":"https:\/\/porzela.com\/es\/wp-json\/wp\/v2\/media?parent=1452"}],"wp:term":[{"taxonomy":"product_brand","embeddable":true,"href":"https:\/\/porzela.com\/es\/wp-json\/wp\/v2\/product_brand?post=1452"},{"taxonomy":"product_cat","embeddable":true,"href":"https:\/\/porzela.com\/es\/wp-json\/wp\/v2\/product_cat?post=1452"},{"taxonomy":"product_tag","embeddable":true,"href":"https:\/\/porzela.com\/es\/wp-json\/wp\/v2\/product_tag?post=1452"}],"curies":[{"name":"wp","href":"https:\/\/api.w.org\/{rel}","templated":true}]}}