{"id":1483,"date":"2025-11-02T09:26:23","date_gmt":"2025-11-02T09:26:23","guid":{"rendered":"https:\/\/porzela.com\/product\/1pc-chinese-ceramic-teacup-handmade-relief-cup-household-porcelain-tea-cup-travel-personal-single-cup-wine-mugs-teaware\/"},"modified":"2026-03-19T00:38:29","modified_gmt":"2026-03-18T16:38:29","slug":"1pc-chinese-ceramic-teacup-handmade-relief-cup-household-porcelain-tea-cup-travel-personal-single-cup-wine-mugs-teaware","status":"publish","type":"product","link":"https:\/\/porzela.com\/fr\/shop\/1pc-chinese-ceramic-teacup-handmade-relief-cup-household-porcelain-tea-cup-travel-personal-single-cup-wine-mugs-teaware\/","title":{"rendered":"1 pi\u00e8ce, tasse \u00e0 th\u00e9 chinoise en c\u00e9ramique, faite \u00e0 la main, tasse \u00e0 relief, tasse \u00e0 th\u00e9 en porcelaine pour la maison, tasse individuelle pour le voyage, mug \u00e0 vin, arts de la table"},"content":{"rendered":"<div class=\"product-specs-list-container\">\n<ul class=\"product-specs-list util-clearfix\">\n<li class=\"product-prop line-limit-length\"><span\n                                        class=\"property-title\">High-concerned chemical:&nbsp;<\/span><span\n                                        class=\"property-desc line-limit-length\">None<\/span>\n                            <\/li>\n<li class=\"product-prop line-limit-length\"><span\n                                        class=\"property-title\">Type:&nbsp;<\/span><span\n                                        class=\"property-desc line-limit-length\">Teacups<\/span>\n                            <\/li>\n<li class=\"product-prop line-limit-length\"><span\n                                        class=\"property-title\">Material:&nbsp;<\/span><span\n                                        class=\"property-desc line-limit-length\">Ceramic<\/span>\n                            <\/li>\n<li class=\"product-prop line-limit-length\"><span\n                                        class=\"property-title\">Brand Name:&nbsp;<\/span><span\n                                        class=\"property-desc line-limit-length\">JINGDE TEA SET<\/span>\n                            <\/li>\n<li class=\"product-prop line-limit-length\"><span\n                                        class=\"property-title\">Ceramic Type:&nbsp;<\/span><span\n                                        class=\"property-desc line-limit-length\">Porcelain<\/span>\n                            <\/li>\n<li class=\"product-prop line-limit-length\"><span\n                                        class=\"property-title\">Origin:&nbsp;<\/span><span\n                                        class=\"property-desc line-limit-length\">Mainland China<\/span>\n                            <\/li>\n<li class=\"product-prop line-limit-length\"><span\n                                        class=\"property-title\">Technics:&nbsp;<\/span><span\n                                        class=\"property-desc line-limit-length\">Pigmented<\/span>\n                            <\/li>\n<\/ul><\/div>\n<div class=\"detailmodule_html\">\n<div class=\"detail-desc-decorate-richtext\">\n<p><span style=\"font-size:16px\">Item Information:<br \/>\n100% Brand new and high quality.<\/p>\n<p>Type: teacup&nbsp;<\/p>\n<p>Material: ceramic&nbsp;<br \/>\nSize: 7.5&#215;4.7cm &nbsp; 80ml<br \/>\nCraft: handmade<br \/>\nSuitable for: tea\/ black tea\/fragrant tea \/Oolong\/puer\/dahongpao\/Tie Guanyin\/juice brewing and recommended family tea or daily professional use.<\/p>\n<p>\nPackage included: 1pc teacup&nbsp;<\/p>\n<p>Note:<br \/>\n1.If You Receive The Package Broken, Please Don&#8217;t Open Dispute and Leave Negative Feedback, Please Contact Us Firstly, We Will Deal With It, Don&#8217;t Worry !<br \/>\n2. Please allow 0.2-0.5 cm differences due to manual measurement.<\/span><\/p>\n<p align=\"left\" style=\"text-align:left;margin:0px;margin-bottom:0px;margin-top:0px;margin-left:0px;margin-right:0px\"><img decoding=\"async\" referrerpolicy=\"no-referrer\" slate-data-type=\"image\" src=\"https:\/\/ae01.alicdn.com\/kf\/Sc96d4725fc9444c694f3561afbc81a20W.jpg?width=800&amp;height=800&amp;hash=1600\" style=\"width:800px\" width=\"800px\"><img decoding=\"async\" referrerpolicy=\"no-referrer\" slate-data-type=\"image\" src=\"https:\/\/ae01.alicdn.com\/kf\/S764430eb70a24c27b6f202b57ecac5a8G.jpg?width=789&amp;height=1119&amp;hash=1908\" style=\"width:800px\" width=\"800px\"><img decoding=\"async\" referrerpolicy=\"no-referrer\" slate-data-type=\"image\" src=\"https:\/\/ae01.alicdn.com\/kf\/S169015703520406ea00847ca5a244657B.jpg?width=787&amp;height=1030&amp;hash=1817\" style=\"width:800px\" width=\"800px\"><img decoding=\"async\" referrerpolicy=\"no-referrer\" slate-data-type=\"image\" src=\"https:\/\/ae01.alicdn.com\/kf\/Sbf39c42600c245788852400ead655459o.jpg?width=800&amp;height=800&amp;hash=1600\" style=\"width:800px\" width=\"800px\"><img decoding=\"async\" referrerpolicy=\"no-referrer\" slate-data-type=\"image\" src=\"https:\/\/ae01.alicdn.com\/kf\/S7202ac5d8cc04414bd2bb694489baf8e5.jpg?width=790&amp;height=1141&amp;hash=1931\" style=\"width:800px\" width=\"800px\"><img decoding=\"async\" referrerpolicy=\"no-referrer\" slate-data-type=\"image\" src=\"https:\/\/ae01.alicdn.com\/kf\/S96d98839b18843b7b22317e664ad7e22p.jpg?width=800&amp;height=1203&amp;hash=2003\" style=\"width:800px\" width=\"800px\"><img decoding=\"async\" referrerpolicy=\"no-referrer\" slate-data-type=\"image\" src=\"https:\/\/ae01.alicdn.com\/kf\/Sc851b7c3b45741aeb81abdec7fb90e98K.jpg?width=800&amp;height=1167&amp;hash=1967\" style=\"width:800px\" width=\"800px\"><img decoding=\"async\" referrerpolicy=\"no-referrer\" slate-data-type=\"image\" src=\"https:\/\/ae01.alicdn.com\/kf\/S601986f3990c451dafe37ed564b77cecs.jpg?width=800&amp;height=1203&amp;hash=2003\" style=\"width:800px\" width=\"800px\"><img decoding=\"async\" referrerpolicy=\"no-referrer\" slate-data-type=\"image\" src=\"https:\/\/ae01.alicdn.com\/kf\/S1d69e3164bc3497dadd43c35f9139d19L.jpg?width=800&amp;height=1201&amp;hash=2001\" style=\"width:800px\" width=\"800px\"><img decoding=\"async\" referrerpolicy=\"no-referrer\" slate-data-type=\"image\" src=\"https:\/\/ae01.alicdn.com\/kf\/Sdc86207228ba4fac9a950907391c33d57.jpg?width=788&amp;height=1150&amp;hash=1938\" style=\"width:800px\" width=\"800px\"><img decoding=\"async\" referrerpolicy=\"no-referrer\" slate-data-type=\"image\" src=\"https:\/\/ae01.alicdn.com\/kf\/S8821eb9065634dd9b2f6d370de3ce2b6x.jpg?width=790&amp;height=1148&amp;hash=1938\" style=\"width:800px\" width=\"800px\"><img decoding=\"async\" referrerpolicy=\"no-referrer\" slate-data-type=\"image\" src=\"https:\/\/ae01.alicdn.com\/kf\/S58d5f5b5d91148d886afba70db0326aaG.jpg?width=790&amp;height=1150&amp;hash=1940\" style=\"width:800px\" width=\"800px\"><img decoding=\"async\" referrerpolicy=\"no-referrer\" slate-data-type=\"image\" src=\"https:\/\/ae01.alicdn.com\/kf\/S159eb96cd0fe4b6595f85f86fc7ef23ev.jpg?width=790&amp;height=1149&amp;hash=1939\" style=\"width:800px\" width=\"800px\"><img decoding=\"async\" referrerpolicy=\"no-referrer\" slate-data-type=\"image\" src=\"https:\/\/ae01.alicdn.com\/kf\/S179a6a30cb414215bf309a4e8b07c81fl.jpg?width=800&amp;height=800&amp;hash=1600\" style=\"width:800px\" width=\"800px\"><img decoding=\"async\" referrerpolicy=\"no-referrer\" slate-data-type=\"image\" src=\"https:\/\/ae01.alicdn.com\/kf\/S01e5f28acfc248a59cbe91402ec93212i.jpg?width=800&amp;height=1207&amp;hash=2007\" style=\"width:800px\" width=\"800px\"><img decoding=\"async\" referrerpolicy=\"no-referrer\" slate-data-type=\"image\" src=\"https:\/\/ae01.alicdn.com\/kf\/S99006350137f44488cf156bc8c2c7419B.jpg?width=800&amp;height=1202&amp;hash=2002\" style=\"width:800px\" width=\"800px\"><img decoding=\"async\" referrerpolicy=\"no-referrer\" slate-data-type=\"image\" src=\"https:\/\/ae01.alicdn.com\/kf\/Sf3715ddf0465424391cd8ff654983b589.jpg?width=800&amp;height=800&amp;hash=1600\" style=\"width:800px\" width=\"800px\"><span style=\"font-size:16px\"><br \/>\nAbout shopping:<br \/>\n1. The package will be sent within 4 days(According to your requests )after payment.<\/p>\n<p>2. Please pay more attentions to your order address which must match your shipping address.<\/p>\n<p>3. The parcel will delivered within 40 days in most country. If you don&#8217;t want to wait so long time, please pay the Express fee .<\/p>\n<p>4. If you have not received your shipment within 60 days from payment.Please contact us.We will track the shippment and get back to you as soon as possible with a reply. Ourgoal is customer satisfaction!<\/p>\n<p>5.When your receive the parcels,please check it carefully , If you have any questions, please contact us.<\/p>\n<p>Feedback:<br \/>\n1. We rely on our reputation and customer satisfaction to succeed.Thereforeyour feedback is extremely important to us.if you are satisfied with our goods and service, please leave us positive feedback and a 5 star review !<\/p>\n<p>2. If you are unhappy with our service or any other problem, please contact us before leaving feedback and we will resolve the issue immediately.We care about our valued customers,and will always do our best to help you.<\/span><\/p>\n<\/div>\n<\/div>","protected":false},"excerpt":{"rendered":"<p>High-concerned chemical:&nbsp;None Type:&nbsp;Teacups Material:&nbsp;Ceramic Brand Name:&nbsp;JINGDE TEA SET Ceramic Type:&nbsp;Porcelain Origin:&nbsp;Mainland China Technics:&nbsp;Pigmented Item Information: 100% Brand new and high<\/p>","protected":false},"featured_media":1484,"comment_status":"open","ping_status":"closed","template":"","meta":[],"product_brand":[],"product_cat":[32],"product_tag":[],"class_list":{"0":"post-1483","1":"product","2":"type-product","3":"status-publish","4":"has-post-thumbnail","6":"product_cat-chinese-teaware","8":"first","9":"instock","10":"shipping-taxable","11":"purchasable","12":"product-type-variable"},"_links":{"self":[{"href":"https:\/\/porzela.com\/fr\/wp-json\/wp\/v2\/product\/1483","targetHints":{"allow":["GET"]}}],"collection":[{"href":"https:\/\/porzela.com\/fr\/wp-json\/wp\/v2\/product"}],"about":[{"href":"https:\/\/porzela.com\/fr\/wp-json\/wp\/v2\/types\/product"}],"replies":[{"embeddable":true,"href":"https:\/\/porzela.com\/fr\/wp-json\/wp\/v2\/comments?post=1483"}],"version-history":[{"count":1,"href":"https:\/\/porzela.com\/fr\/wp-json\/wp\/v2\/product\/1483\/revisions"}],"predecessor-version":[{"id":1586,"href":"https:\/\/porzela.com\/fr\/wp-json\/wp\/v2\/product\/1483\/revisions\/1586"}],"wp:featuredmedia":[{"embeddable":true,"href":"https:\/\/porzela.com\/fr\/wp-json\/wp\/v2\/media\/1484"}],"wp:attachment":[{"href":"https:\/\/porzela.com\/fr\/wp-json\/wp\/v2\/media?parent=1483"}],"wp:term":[{"taxonomy":"product_brand","embeddable":true,"href":"https:\/\/porzela.com\/fr\/wp-json\/wp\/v2\/product_brand?post=1483"},{"taxonomy":"product_cat","embeddable":true,"href":"https:\/\/porzela.com\/fr\/wp-json\/wp\/v2\/product_cat?post=1483"},{"taxonomy":"product_tag","embeddable":true,"href":"https:\/\/porzela.com\/fr\/wp-json\/wp\/v2\/product_tag?post=1483"}],"curies":[{"name":"wp","href":"https:\/\/api.w.org\/{rel}","templated":true}]}}