{"id":1910,"date":"2025-11-02T12:32:00","date_gmt":"2025-11-02T12:32:00","guid":{"rendered":"https:\/\/porzela.com\/product\/deepened-high-bowl-extra-large-9-inch-retro-ceramic-soup-bowl-vintage-style-big-soup-dish\/"},"modified":"2026-03-19T00:38:22","modified_gmt":"2026-03-18T16:38:22","slug":"deepened-high-bowl-extra-large-9-inch-retro-ceramic-soup-bowl-vintage-style-big-soup-dish","status":"publish","type":"product","link":"https:\/\/porzela.com\/fr\/shop\/deepened-high-bowl-extra-large-9-inch-retro-ceramic-soup-bowl-vintage-style-big-soup-dish\/","title":{"rendered":"Grand bol profond extra large 9 pouces bol \u00e0 soupe r\u00e9tro en c\u00e9ramique style vintage grand plat \u00e0 soupe"},"content":{"rendered":"<div class=\"product-specs-list-container\">\n<ul class=\"product-specs-list util-clearfix\">\n<li class=\"product-prop line-limit-length\"><span\n                                        class=\"property-title\">High-concerned chemical:&nbsp;<\/span><span\n                                        class=\"property-desc line-limit-length\">None<\/span>\n                            <\/li>\n<li class=\"product-prop line-limit-length\"><span\n                                        class=\"property-title\">Origin:&nbsp;<\/span><span\n                                        class=\"property-desc line-limit-length\">Mainland China<\/span>\n                            <\/li>\n<\/ul><\/div>\n<div class=\"detailmodule_html\">\n<div class=\"detail-desc-decorate-richtext\"><img decoding=\"async\" referrerpolicy=\"no-referrer\" src=\"https:\/\/ae01.alicdn.com\/kf\/S871ec4208e3b46218dc00588d1f90cafm.jpg?width=790&#038;height=1126&#038;hash=1916\"><img decoding=\"async\" referrerpolicy=\"no-referrer\" src=\"https:\/\/ae01.alicdn.com\/kf\/Sd15786a5a7d542dfb42bc1f7e74bad32Y.jpg?width=790&#038;height=1206&#038;hash=1996\"><img decoding=\"async\" referrerpolicy=\"no-referrer\" src=\"https:\/\/ae01.alicdn.com\/kf\/Sfa9e601c56294825b5e476714d2fff704.jpg?width=790&#038;height=997&#038;hash=1787\"><img decoding=\"async\" referrerpolicy=\"no-referrer\" src=\"https:\/\/ae01.alicdn.com\/kf\/S3116461582f64d76bbdcfefaf560d57fI.jpg?width=790&#038;height=894&#038;hash=1684\"><img decoding=\"async\" referrerpolicy=\"no-referrer\" src=\"https:\/\/ae01.alicdn.com\/kf\/Sbbf281d0ec0f4a98b1d62361b4c058f8U.jpg?width=790&#038;height=389&#038;hash=1179\"><img decoding=\"async\" referrerpolicy=\"no-referrer\" src=\"https:\/\/ae01.alicdn.com\/kf\/Se2918bdc1a124e438e094b80d0e757fdl.jpg?width=790&#038;height=1092&#038;hash=1882\"><img decoding=\"async\" referrerpolicy=\"no-referrer\" src=\"https:\/\/ae01.alicdn.com\/kf\/S5f861661b3ab45199e4958c3e1b7328bk.jpg?width=790&#038;height=1214&#038;hash=2004\"><img decoding=\"async\" referrerpolicy=\"no-referrer\" src=\"https:\/\/ae01.alicdn.com\/kf\/Sc6729d096cb14fc8bdd5e1d76c2d0dbey.jpg?width=790&#038;height=1141&#038;hash=1931\"><img decoding=\"async\" referrerpolicy=\"no-referrer\" src=\"https:\/\/ae01.alicdn.com\/kf\/S6b5d6f9717ee44eeaceb4f8f4d714e68E.jpg?width=790&#038;height=1028&#038;hash=1818\"><img decoding=\"async\" referrerpolicy=\"no-referrer\" src=\"https:\/\/ae01.alicdn.com\/kf\/Sc81e9e9efcca4a42a4ab0824b946a99at.jpg?width=790&#038;height=1131&#038;hash=1921\"><img decoding=\"async\" referrerpolicy=\"no-referrer\" src=\"https:\/\/ae01.alicdn.com\/kf\/S1f84eccfa70240318060b068d92e02fac.jpg?width=2480&#038;height=3840&#038;hash=6320\"><img decoding=\"async\" referrerpolicy=\"no-referrer\" src=\"https:\/\/ae01.alicdn.com\/kf\/Sfc6907bf2f004c2898e76b6b0a7861d9Y.jpg?width=2480&#038;height=1496&#038;hash=3976\"><img decoding=\"async\" referrerpolicy=\"no-referrer\" src=\"https:\/\/ae01.alicdn.com\/kf\/S222e6a39553f4c9dbf6414d59898cc74g.jpg?width=2480&#038;height=3840&#038;hash=6320\"><img decoding=\"async\" referrerpolicy=\"no-referrer\" src=\"https:\/\/ae01.alicdn.com\/kf\/S910cd6b10d334fa180e2e50c9433c397q.jpg?width=2480&#038;height=376&#038;hash=2856\"><img decoding=\"async\" referrerpolicy=\"no-referrer\" src=\"https:\/\/ae01.alicdn.com\/kf\/S80059053c8554cc5b6e0314fbc75c51fK.jpg?width=790&#038;height=1110&#038;hash=1900\"><img decoding=\"async\" referrerpolicy=\"no-referrer\" src=\"https:\/\/ae01.alicdn.com\/kf\/S6bf8254229bc4e098e8f9e9fb236cbadi.jpg?width=2480&#038;height=3840&#038;hash=6320\"><img decoding=\"async\" referrerpolicy=\"no-referrer\" src=\"https:\/\/ae01.alicdn.com\/kf\/Sd582aa04a76048b3ba6b731dfc3f05aco.jpg?width=2480&#038;height=144&#038;hash=2624\"><img decoding=\"async\" referrerpolicy=\"no-referrer\" src=\"https:\/\/ae01.alicdn.com\/kf\/S48623da4077c421c9c839f5c02ea2a3bw.jpg?width=790&#038;height=1153&#038;hash=1943\"><img decoding=\"async\" referrerpolicy=\"no-referrer\" src=\"https:\/\/ae01.alicdn.com\/kf\/Sbd9b4b1bec6d49f491e4437df8fa9c58U.jpg?width=790&#038;height=436&#038;hash=1226\"><\/div>\n<\/div>","protected":false},"excerpt":{"rendered":"<p>High-concerned chemical:\u00a0None Origin:\u00a0Mainland China<\/p>","protected":false},"featured_media":1912,"comment_status":"open","ping_status":"closed","template":"","meta":[],"product_brand":[],"product_cat":[32],"product_tag":[],"class_list":{"0":"post-1910","1":"product","2":"type-product","3":"status-publish","4":"has-post-thumbnail","6":"product_cat-chinese-teaware","8":"first","9":"instock","10":"shipping-taxable","11":"purchasable","12":"product-type-variable"},"_links":{"self":[{"href":"https:\/\/porzela.com\/fr\/wp-json\/wp\/v2\/product\/1910","targetHints":{"allow":["GET"]}}],"collection":[{"href":"https:\/\/porzela.com\/fr\/wp-json\/wp\/v2\/product"}],"about":[{"href":"https:\/\/porzela.com\/fr\/wp-json\/wp\/v2\/types\/product"}],"replies":[{"embeddable":true,"href":"https:\/\/porzela.com\/fr\/wp-json\/wp\/v2\/comments?post=1910"}],"version-history":[{"count":1,"href":"https:\/\/porzela.com\/fr\/wp-json\/wp\/v2\/product\/1910\/revisions"}],"predecessor-version":[{"id":2527,"href":"https:\/\/porzela.com\/fr\/wp-json\/wp\/v2\/product\/1910\/revisions\/2527"}],"wp:featuredmedia":[{"embeddable":true,"href":"https:\/\/porzela.com\/fr\/wp-json\/wp\/v2\/media\/1912"}],"wp:attachment":[{"href":"https:\/\/porzela.com\/fr\/wp-json\/wp\/v2\/media?parent=1910"}],"wp:term":[{"taxonomy":"product_brand","embeddable":true,"href":"https:\/\/porzela.com\/fr\/wp-json\/wp\/v2\/product_brand?post=1910"},{"taxonomy":"product_cat","embeddable":true,"href":"https:\/\/porzela.com\/fr\/wp-json\/wp\/v2\/product_cat?post=1910"},{"taxonomy":"product_tag","embeddable":true,"href":"https:\/\/porzela.com\/fr\/wp-json\/wp\/v2\/product_tag?post=1910"}],"curies":[{"name":"wp","href":"https:\/\/api.w.org\/{rel}","templated":true}]}}