{"id":1742,"date":"2025-11-02T12:30:32","date_gmt":"2025-11-02T12:30:32","guid":{"rendered":"https:\/\/porzela.com\/product\/creative-ceramic-apple-figurines-handicrafts-living-room-art-white-apple-sculpture-room-home-decor-accessories-holiday-gifts\/"},"modified":"2026-03-19T00:38:26","modified_gmt":"2026-03-18T16:38:26","slug":"creative-ceramic-apple-figurines-handicrafts-living-room-art-white-apple-sculpture-room-home-decor-accessories-holiday-gifts","status":"publish","type":"product","link":"https:\/\/porzela.com\/pl\/shop\/creative-ceramic-apple-figurines-handicrafts-living-room-art-white-apple-sculpture-room-home-decor-accessories-holiday-gifts\/","title":{"rendered":"Kreatywne ceramiczne figurki jab\u0142ek r\u0119kodzie\u0142o do salonu sztuka bia\u0142e rze\u017aba jab\u0142ko dekoracje do domu akcesoria na \u015bwi\u0119ta prezenty"},"content":{"rendered":"<div class=\"product-specs-list-container\">\n<ul class=\"product-specs-list util-clearfix\">\n<li class=\"product-prop line-limit-length\"><span\n                                        class=\"property-title\">High-concerned chemical:&nbsp;<\/span><span\n                                        class=\"property-desc line-limit-length\">None<\/span>\n                            <\/li>\n<li class=\"product-prop line-limit-length\"><span\n                                        class=\"property-title\">Material:&nbsp;<\/span><span\n                                        class=\"property-desc line-limit-length\">Ceramic &amp; Enamel<\/span>\n                            <\/li>\n<li class=\"product-prop line-limit-length\"><span\n                                        class=\"property-title\">Origin:&nbsp;<\/span><span\n                                        class=\"property-desc line-limit-length\">Mainland China<\/span>\n                            <\/li>\n<\/ul><\/div>\n<div class=\"detailmodule_html\">\n<div class=\"detail-desc-decorate-richtext\">\n<div id=\"offer-template-0\">&nbsp;<\/div>\n<p style=\"text-align: center;\"><span style=\"font-size: 15.0pt;\">&nbsp;<img decoding=\"async\" referrerpolicy=\"no-referrer\" src=\"https:\/\/ae01.alicdn.com\/kf\/S9b4d9a62facc41b1acede57bbe5b1ae1z.jpg\"><img decoding=\"async\" referrerpolicy=\"no-referrer\" src=\"https:\/\/ae01.alicdn.com\/kf\/Sd90828043ab043a098cf98764f62c3d7i.jpg?width=750&#038;height=1009&#038;hash=1759\"><br class=\"img-brk\"><br \/>\n<br class=\"img-brk\"><br \/>\n<img decoding=\"async\" referrerpolicy=\"no-referrer\" src=\"https:\/\/ae01.alicdn.com\/kf\/Sccf2bce54f914a13bf1770b18a3631033.jpg?width=750&#038;height=842&#038;hash=1592\"><br class=\"img-brk\"><br \/>\n<br class=\"img-brk\"><br \/>\n<br class=\"img-brk\"><br \/>\n<br class=\"img-brk\"><br \/>\n<img decoding=\"async\" referrerpolicy=\"no-referrer\" src=\"https:\/\/ae01.alicdn.com\/kf\/S5627e2934f6a45e5959ba19171933129T.jpg?width=750&#038;height=1028&#038;hash=1778\"><img decoding=\"async\" referrerpolicy=\"no-referrer\" src=\"https:\/\/ae01.alicdn.com\/kf\/S9d578f209ef748d7be4ac982db3b1b19w.jpg?width=750&#038;height=1005&#038;hash=1755\"><br class=\"img-brk\"><br \/>\n<br class=\"img-brk\"><br \/>\n<br class=\"img-brk\"><br \/>\n<br class=\"img-brk\"><br \/>\n<img decoding=\"async\" referrerpolicy=\"no-referrer\" src=\"https:\/\/ae01.alicdn.com\/kf\/S2e1d5967ccff4ea3b0ad2c02a5fbac106.jpg?width=750&#038;height=1028&#038;hash=1778\"><br class=\"img-brk\"><br \/>\n<br class=\"img-brk\"><br \/>\n<img decoding=\"async\" referrerpolicy=\"no-referrer\" src=\"https:\/\/ae01.alicdn.com\/kf\/Sa6ec13ab7efe43a5be1aa73d3f3136a6f.jpg?width=750&#038;height=1036&#038;hash=1786\"><br class=\"img-brk\"><br \/>\n<br class=\"img-brk\"><br \/>\n<img decoding=\"async\" referrerpolicy=\"no-referrer\" src=\"https:\/\/ae01.alicdn.com\/kf\/S1cf2dc32f5f84c9cb085854acfc67326H.jpg?width=750&#038;height=1026&#038;hash=1776\"><br class=\"img-brk\"><br \/>\n<img decoding=\"async\" referrerpolicy=\"no-referrer\" src=\"https:\/\/ae01.alicdn.com\/kf\/Sa3a9ab10b79c4355a71e947cd5cdff060.jpg?width=750&#038;height=1012&#038;hash=1762\"><br class=\"img-brk\"><br \/>\n<br class=\"img-brk\"><br \/>\n<img decoding=\"async\" referrerpolicy=\"no-referrer\" src=\"https:\/\/ae01.alicdn.com\/kf\/Sa3fbd95b323b44f1bbbb6b53da4ff2f73.jpg?width=750&#038;height=1013&#038;hash=1763\"><br class=\"img-brk\"><br \/>\n<br class=\"img-brk\"><br \/>\n<img decoding=\"async\" alt=\"1.jpg\" referrerpolicy=\"no-referrer\" src=\"https:\/\/ae01.alicdn.com\/kf\/S0c7260984f0843378fc377ad294321dda.jpg?width=800&#038;height=800&#038;hash=1600\"><br class=\"img-brk\"><br \/>\n<br class=\"img-brk\"><br \/>\n<img decoding=\"async\" alt=\"3.jpg\" referrerpolicy=\"no-referrer\" src=\"https:\/\/ae01.alicdn.com\/kf\/Sf7ead1a85f1f4d8b96a82a2add6143172.jpg?width=800&#038;height=800&#038;hash=1600\"><br class=\"img-brk\"><br \/>\n<br class=\"img-brk\"><br \/>\n<br class=\"img-brk\"><br \/>\n<img decoding=\"async\" referrerpolicy=\"no-referrer\" src=\"https:\/\/ae01.alicdn.com\/kf\/S5d04dd96d7594c5cab6599182a17bc81N.jpg?width=750&#038;height=1029&#038;hash=1779\"><br class=\"img-brk\"><br \/>\n<br class=\"img-brk\"><br \/>\n<img decoding=\"async\" referrerpolicy=\"no-referrer\" src=\"https:\/\/ae01.alicdn.com\/kf\/S6713e494e4584c499471d2eb826c11bcj.jpg?width=750&#038;height=1010&#038;hash=1760\"><br class=\"img-brk\"><br \/>\n<br class=\"img-brk\"><br \/>\n<img decoding=\"async\" referrerpolicy=\"no-referrer\" src=\"https:\/\/ae01.alicdn.com\/kf\/S7acb3084d31140b28141b8ecbd267f10h.jpg?width=750&#038;height=1032&#038;hash=1782\"><br class=\"img-brk\"><br \/>\n<br class=\"img-brk\"><br \/>\n<img decoding=\"async\" referrerpolicy=\"no-referrer\" src=\"https:\/\/ae01.alicdn.com\/kf\/S4ae9dda7b8c34e679ad0add764ead5e3d.jpg?width=750&#038;height=1028&#038;hash=1778\"><br class=\"img-brk\"><br \/>\n<br class=\"img-brk\"><br \/>\n<img decoding=\"async\" referrerpolicy=\"no-referrer\" src=\"https:\/\/ae01.alicdn.com\/kf\/Sb6a0f05592884dea96538e143dfe8e067.jpg?width=750&#038;height=1030&#038;hash=1780\"><br class=\"img-brk\"><br \/>\n<br class=\"img-brk\"><br \/>\n<img decoding=\"async\" referrerpolicy=\"no-referrer\" src=\"https:\/\/ae01.alicdn.com\/kf\/S0d18d5350a1243aca312278e2d176aadF.jpg?width=750&#038;height=1043&#038;hash=1793\"><br class=\"img-brk\"><br \/>\n<br class=\"img-brk\"><br \/>\n<img decoding=\"async\" referrerpolicy=\"no-referrer\" src=\"https:\/\/ae01.alicdn.com\/kf\/S58fdd66b93394ea3877df79c47e8c190g.jpg?width=750&#038;height=1056&#038;hash=1806\"><br class=\"img-brk\"><br \/>\n<br class=\"img-brk\"><br \/>\n<img decoding=\"async\" referrerpolicy=\"no-referrer\" src=\"https:\/\/ae01.alicdn.com\/kf\/Sd13138e660b84560b78ca29cb1fe2344t.jpg?width=750&#038;height=1031&#038;hash=1781\"><br class=\"img-brk\"><br \/>\n<br class=\"img-brk\"><br \/>\n<img decoding=\"async\" referrerpolicy=\"no-referrer\" src=\"https:\/\/ae01.alicdn.com\/kf\/Sf3ba1c9135774fbf80a1de3b7ce4d748Q.jpg?width=750&#038;height=1035&#038;hash=1785\"><br class=\"img-brk\"><br \/>\n<br class=\"img-brk\"><br \/>\n<img decoding=\"async\" referrerpolicy=\"no-referrer\" src=\"https:\/\/ae01.alicdn.com\/kf\/Sa1767d476b104153a776d1a6e77cd7ces.jpg?width=750&#038;height=1061&#038;hash=1811\"><br class=\"img-brk\"><br \/>\n<br class=\"img-brk\"><br \/>\n<img decoding=\"async\" referrerpolicy=\"no-referrer\" src=\"https:\/\/ae01.alicdn.com\/kf\/Sa61f42b2d65b4baa8a355987c2e91123w.jpg?width=750&#038;height=1051&#038;hash=1801\"><br class=\"img-brk\"><br \/>\n<img decoding=\"async\" referrerpolicy=\"no-referrer\" src=\"https:\/\/ae01.alicdn.com\/kf\/S9d578f209ef748d7be4ac982db3b1b19w.jpg?width=750&#038;height=1005&#038;hash=1755\"><br class=\"img-brk\"><br \/>\n<br class=\"img-brk\"><br \/>\n<img decoding=\"async\" referrerpolicy=\"no-referrer\" src=\"https:\/\/ae01.alicdn.com\/kf\/Saeaf54c0114842189118b58d3437188fb.jpg?width=750&#038;height=1026&#038;hash=1776\"><br class=\"img-brk\"><br \/>\n<br class=\"img-brk\"><br \/>\n<img decoding=\"async\" referrerpolicy=\"no-referrer\" src=\"https:\/\/ae01.alicdn.com\/kf\/Sdbba0923bdd246fc96636bba54379e80e.jpg?width=750&#038;height=1031&#038;hash=1781\"><br class=\"img-brk\"><br \/>\n<br class=\"img-brk\"><br \/>\n<img decoding=\"async\" referrerpolicy=\"no-referrer\" src=\"https:\/\/ae01.alicdn.com\/kf\/Sfc00cd3d3d894dde9f12e3203f71a531R.jpg?width=750&#038;height=1033&#038;hash=1783\"><br class=\"img-brk\"><br \/>\n<br class=\"img-brk\"><br \/>\n<img decoding=\"async\" referrerpolicy=\"no-referrer\" src=\"https:\/\/ae01.alicdn.com\/kf\/S0833209e6bfd4a199e3b9d39bfebae02O.jpg?width=750&#038;height=1040&#038;hash=1790\"><br class=\"img-brk\"><br \/>\n<br class=\"img-brk\"><br \/>\n<img decoding=\"async\" referrerpolicy=\"no-referrer\" src=\"https:\/\/ae01.alicdn.com\/kf\/Sccc67a553b904ef9894c721cdb0da285i.jpg?width=750&#038;height=1028&#038;hash=1778\"><br class=\"img-brk\"><br \/>\n<br class=\"img-brk\"><br \/>\n<img decoding=\"async\" referrerpolicy=\"no-referrer\" src=\"https:\/\/ae01.alicdn.com\/kf\/S4a0134194a0d464cb7c7885e8e70733b3.jpg?width=750&#038;height=1028&#038;hash=1778\"><br class=\"img-brk\"><br \/>\n<br class=\"img-brk\"><br \/>\n<br class=\"img-brk\"><br \/>\n<img decoding=\"async\" referrerpolicy=\"no-referrer\" src=\"https:\/\/ae01.alicdn.com\/kf\/Sf38bf4ea45474688afba4d35dfdfe2bb8.jpg?width=750&#038;height=1031&#038;hash=1781\"><\/span><br class=\"img-brk\"><br \/>\n&nbsp;<\/p>\n<\/div>\n<\/div>","protected":false},"excerpt":{"rendered":"<p>High-concerned chemical:&nbsp;None Material:&nbsp;Ceramic &amp; Enamel Origin:&nbsp;Mainland China &nbsp; &nbsp; &nbsp;<\/p>","protected":false},"featured_media":1743,"comment_status":"open","ping_status":"closed","template":"","meta":[],"product_brand":[],"product_cat":[32],"product_tag":[],"class_list":{"0":"post-1742","1":"product","2":"type-product","3":"status-publish","4":"has-post-thumbnail","6":"product_cat-chinese-teaware","8":"first","9":"instock","10":"shipping-taxable","11":"purchasable","12":"product-type-variable"},"_links":{"self":[{"href":"https:\/\/porzela.com\/pl\/wp-json\/wp\/v2\/product\/1742","targetHints":{"allow":["GET"]}}],"collection":[{"href":"https:\/\/porzela.com\/pl\/wp-json\/wp\/v2\/product"}],"about":[{"href":"https:\/\/porzela.com\/pl\/wp-json\/wp\/v2\/types\/product"}],"replies":[{"embeddable":true,"href":"https:\/\/porzela.com\/pl\/wp-json\/wp\/v2\/comments?post=1742"}],"version-history":[{"count":1,"href":"https:\/\/porzela.com\/pl\/wp-json\/wp\/v2\/product\/1742\/revisions"}],"predecessor-version":[{"id":2536,"href":"https:\/\/porzela.com\/pl\/wp-json\/wp\/v2\/product\/1742\/revisions\/2536"}],"wp:featuredmedia":[{"embeddable":true,"href":"https:\/\/porzela.com\/pl\/wp-json\/wp\/v2\/media\/1743"}],"wp:attachment":[{"href":"https:\/\/porzela.com\/pl\/wp-json\/wp\/v2\/media?parent=1742"}],"wp:term":[{"taxonomy":"product_brand","embeddable":true,"href":"https:\/\/porzela.com\/pl\/wp-json\/wp\/v2\/product_brand?post=1742"},{"taxonomy":"product_cat","embeddable":true,"href":"https:\/\/porzela.com\/pl\/wp-json\/wp\/v2\/product_cat?post=1742"},{"taxonomy":"product_tag","embeddable":true,"href":"https:\/\/porzela.com\/pl\/wp-json\/wp\/v2\/product_tag?post=1742"}],"curies":[{"name":"wp","href":"https:\/\/api.w.org\/{rel}","templated":true}]}}