{"id":1759,"date":"2025-11-02T12:30:45","date_gmt":"2025-11-02T12:30:45","guid":{"rendered":"https:\/\/porzela.com\/product\/2pc-lot-kiln-change-red-old-rock-mud-horseshoe-teacup-handmade-tea-bowl-single-cups-smelling-cup-jianzhan-master-cups-tea-45ml\/"},"modified":"2026-03-19T00:38:26","modified_gmt":"2026-03-18T16:38:26","slug":"2pc-lot-kiln-change-red-old-rock-mud-horseshoe-teacup-handmade-tea-bowl-single-cups-smelling-cup-jianzhan-master-cups-tea-45ml","status":"publish","type":"product","link":"https:\/\/porzela.com\/pl\/shop\/2pc-lot-kiln-change-red-old-rock-mud-horseshoe-teacup-handmade-tea-bowl-single-cups-smelling-cup-jianzhan-master-cups-tea-45ml\/","title":{"rendered":"2 szt.\/lot zmiana w piecu czerwony stary kamie\u0144 ko\u0144ski podk\u00f3wka do herbaty r\u0119cznie robiona czarka do herbaty pojedyncze fili\u017canki kubek do w\u0105chania jianzhan mistrzowski kubki do herbaty 45 ml"},"content":{"rendered":"<div class=\"product-specs-list-container\">\n<ul class=\"product-specs-list util-clearfix\">\n<li class=\"product-prop line-limit-length\"><span\n                                        class=\"property-title\">High-concerned chemical:&nbsp;<\/span><span\n                                        class=\"property-desc line-limit-length\">None<\/span>\n                            <\/li>\n<li class=\"product-prop line-limit-length\"><span\n                                        class=\"property-title\">Type:&nbsp;<\/span><span\n                                        class=\"property-desc line-limit-length\">Teacups<\/span>\n                            <\/li>\n<li class=\"product-prop line-limit-length\"><span\n                                        class=\"property-title\">Material:&nbsp;<\/span><span\n                                        class=\"property-desc line-limit-length\">Ceramic<\/span>\n                            <\/li>\n<li class=\"product-prop line-limit-length\"><span\n                                        class=\"property-title\">Brand Name:&nbsp;<\/span><span\n                                        class=\"property-desc line-limit-length\">NoEnName_Null<\/span>\n                            <\/li>\n<li class=\"product-prop line-limit-length\"><span\n                                        class=\"property-title\">Origin:&nbsp;<\/span><span\n                                        class=\"property-desc line-limit-length\">Mainland China<\/span>\n                            <\/li>\n<li class=\"product-prop line-limit-length\"><span\n                                        class=\"property-title\">Feature 1:&nbsp;<\/span><span\n                                        class=\"property-desc line-limit-length\">tea cup<\/span>\n                            <\/li>\n<li class=\"product-prop line-limit-length\"><span\n                                        class=\"property-title\">Feature 2:&nbsp;<\/span><span\n                                        class=\"property-desc line-limit-length\">coffeeware teaware<\/span>\n                            <\/li>\n<li class=\"product-prop line-limit-length\"><span\n                                        class=\"property-title\">Feature 3:&nbsp;<\/span><span\n                                        class=\"property-desc line-limit-length\">tasse<\/span>\n                            <\/li>\n<li class=\"product-prop line-limit-length\"><span\n                                        class=\"property-title\">Feature 4:&nbsp;<\/span><span\n                                        class=\"property-desc line-limit-length\">mug<\/span>\n                            <\/li>\n<li class=\"product-prop line-limit-length\"><span\n                                        class=\"property-title\">Feature 5:&nbsp;<\/span><span\n                                        class=\"property-desc line-limit-length\">ceramic cup<\/span>\n                            <\/li>\n<li class=\"product-prop line-limit-length\"><span\n                                        class=\"property-title\">Feature 6:&nbsp;<\/span><span\n                                        class=\"property-desc line-limit-length\">coffee cup<\/span>\n                            <\/li>\n<li class=\"product-prop line-limit-length\"><span\n                                        class=\"property-title\">Feature 7:&nbsp;<\/span><span\n                                        class=\"property-desc line-limit-length\">cupshe<\/span>\n                            <\/li>\n<li class=\"product-prop line-limit-length\"><span\n                                        class=\"property-title\">Feature 8:&nbsp;<\/span><span\n                                        class=\"property-desc line-limit-length\">chinese tea<\/span>\n                            <\/li>\n<li class=\"product-prop line-limit-length\"><span\n                                        class=\"property-title\">Feature 9:&nbsp;<\/span><span\n                                        class=\"property-desc line-limit-length\">mate cup<\/span>\n                            <\/li>\n<li class=\"product-prop line-limit-length\"><span\n                                        class=\"property-title\">Feature 10:&nbsp;<\/span><span\n                                        class=\"property-desc line-limit-length\">japanese tea cup<\/span>\n                            <\/li>\n<li class=\"product-prop line-limit-length\"><span\n                                        class=\"property-title\">Feature 11:&nbsp;<\/span><span\n                                        class=\"property-desc line-limit-length\">Tea Bowl<\/span>\n                            <\/li>\n<li class=\"product-prop line-limit-length\"><span\n                                        class=\"property-title\">Feature 12:&nbsp;<\/span><span\n                                        class=\"property-desc line-limit-length\">Set of Cups<\/span>\n                            <\/li>\n<li class=\"product-prop line-limit-length\"><span\n                                        class=\"property-title\">Feature 13:&nbsp;<\/span><span\n                                        class=\"property-desc line-limit-length\">Tea Jug<\/span>\n                            <\/li>\n<li class=\"product-prop line-limit-length\"><span\n                                        class=\"property-title\">Feature 14:&nbsp;<\/span><span\n                                        class=\"property-desc line-limit-length\">Ceramic Cups<\/span>\n                            <\/li>\n<li class=\"product-prop line-limit-length\"><span\n                                        class=\"property-title\">Feature 15:&nbsp;<\/span><span\n                                        class=\"property-desc line-limit-length\">Water Jug<\/span>\n                            <\/li>\n<li class=\"product-prop line-limit-length\"><span\n                                        class=\"property-title\">Feature 16:&nbsp;<\/span><span\n                                        class=\"property-desc line-limit-length\">Tea Maker<\/span>\n                            <\/li>\n<li class=\"product-prop line-limit-length\"><span\n                                        class=\"property-title\">Feature 17:&nbsp;<\/span><span\n                                        class=\"property-desc line-limit-length\">Tea Ceremony<\/span>\n                            <\/li>\n<li class=\"product-prop line-limit-length\"><span\n                                        class=\"property-title\">Feature 18:&nbsp;<\/span><span\n                                        class=\"property-desc line-limit-length\">Tea Tableware<\/span>\n                            <\/li>\n<li class=\"product-prop line-limit-length\"><span\n                                        class=\"property-title\">Feature 19:&nbsp;<\/span><span\n                                        class=\"property-desc line-limit-length\">Home Decoration Accessories<\/span>\n                            <\/li>\n<li class=\"product-prop line-limit-length\"><span\n                                        class=\"property-title\">Feature 20:&nbsp;<\/span><span\n                                        class=\"property-desc line-limit-length\">Collection<\/span>\n                            <\/li>\n<\/ul><\/div>\n<div class=\"detailmodule_html\">\n<div class=\"detail-desc-decorate-richtext\">\n<p><img decoding=\"async\" class=\"wscnph\" src=\"https:\/\/ae01.alicdn.com\/kf\/Scf933d3f165440e8a0d941c070ca3713q.jpg\"><img decoding=\"async\" class=\"wscnph\" src=\"https:\/\/ae01.alicdn.com\/kf\/S5655b2e3a9e642789639426573cc522cM.jpg\"><\/p>\n<p style=\"box-sizing: border-box; -webkit-tap-highlight-color: transparent; outline: 0px; margin: 0px; font-size: 14px; line-height: inherit; padding: 0px; font-family: 'Open Sans', Roboto, Arial, Helvetica, sans-serif, SimSun; background-color: #ffffff;\"><strong><span style=\"box-sizing: border-box; -webkit-tap-highlight-color: transparent; outline: 0px; margin: 0px; padding: 0px; max-width: 100%; word-break: break-word; font-family: 'comic sans ms', sans-serif;\"><span style=\"box-sizing: border-box; -webkit-tap-highlight-color: transparent; outline: 0px; margin: 0px; padding: 0px; max-width: 100%; word-break: break-word; font-size: 20px;\">Item Information:<\/span><\/span><\/strong><\/p>\n<p style=\"box-sizing: border-box; -webkit-tap-highlight-color: transparent; outline: 0px; margin: 0px; font-size: 14px; line-height: inherit; padding: 0px; font-family: 'Open Sans', Roboto, Arial, Helvetica, sans-serif, SimSun; background-color: #ffffff;\"><span style=\"box-sizing: border-box; -webkit-tap-highlight-color: transparent; outline: 0px; margin: 0px; padding: 0px; max-width: 100%; word-break: break-word; font-family: 'comic sans ms', sans-serif;\"><span style=\"box-sizing: border-box; -webkit-tap-highlight-color: transparent; outline: 0px; margin: 0px; padding: 0px; max-width: 100%; word-break: break-word; font-size: 20px;\">Condition:100% Brand New<\/span><\/span><\/p>\n<p style=\"box-sizing: border-box; -webkit-tap-highlight-color: transparent; outline: 0px; margin: 0px; font-size: 14px; line-height: inherit; padding: 0px; font-family: 'Open Sans', Roboto, Arial, Helvetica, sans-serif, SimSun; background-color: #ffffff;\"><span style=\"box-sizing: border-box; -webkit-tap-highlight-color: transparent; outline: 0px; margin: 0px; padding: 0px; max-width: 100%; word-break: break-word; font-family: 'comic sans ms', sans-serif;\"><span style=\"box-sizing: border-box; -webkit-tap-highlight-color: transparent; outline: 0px; margin: 0px; padding: 0px; max-width: 100%; word-break: break-word; font-size: 20px;\">Type:Teaware&nbsp;(If you want to buy other items shown in the picture, please contact us)<\/span><\/span><\/p>\n<p style=\"box-sizing: border-box; -webkit-tap-highlight-color: transparent; outline: 0px; margin: 0px; font-size: 14px; line-height: inherit; padding: 0px; font-family: 'Open Sans', Roboto, Arial, Helvetica, sans-serif, SimSun; background-color: #ffffff;\"><span style=\"box-sizing: border-box; -webkit-tap-highlight-color: transparent; outline: 0px; margin: 0px; padding: 0px; max-width: 100%; word-break: break-word; font-family: 'comic sans ms', sans-serif;\"><span style=\"box-sizing: border-box; -webkit-tap-highlight-color: transparent; outline: 0px; margin: 0px; padding: 0px; max-width: 100%; word-break: break-word; font-size: 20px;\">Material: Porcelain\/Ceramic\/Purple Clay\/Glass<\/span><\/span><\/p>\n<p style=\"box-sizing: border-box; -webkit-tap-highlight-color: transparent; outline: 0px; margin: 0px; font-size: 14px; line-height: inherit; padding: 0px; font-family: 'Open Sans', Roboto, Arial, Helvetica, sans-serif, SimSun; background-color: #ffffff;\"><span style=\"box-sizing: border-box; -webkit-tap-highlight-color: transparent; outline: 0px; margin: 0px; padding: 0px; max-width: 100%; word-break: break-word; font-family: 'comic sans ms', sans-serif;\"><span style=\"box-sizing: border-box; -webkit-tap-highlight-color: transparent; outline: 0px; margin: 0px; padding: 0px; max-width: 100%; word-break: break-word; font-size: 20px;\">Specifications: As your choose<\/span><\/span><\/p>\n<p style=\"box-sizing: border-box; -webkit-tap-highlight-color: transparent; outline: 0px; margin: 0px; font-size: 14px; line-height: inherit; padding: 0px; font-family: 'Open Sans', Roboto, Arial, Helvetica, sans-serif, SimSun; background-color: #ffffff;\"><span style=\"box-sizing: border-box; -webkit-tap-highlight-color: transparent; outline: 0px; margin: 0px; padding: 0px; max-width: 100%; word-break: break-word; font-family: 'comic sans ms', sans-serif;\"><span style=\"box-sizing: border-box; -webkit-tap-highlight-color: transparent; outline: 0px; margin: 0px; padding: 0px; max-width: 100%; word-break: break-word; font-size: 20px;\">Colour:As the picture shows<\/span><\/span><\/p>\n<p style=\"box-sizing: border-box; -webkit-tap-highlight-color: transparent; outline: 0px; margin: 0px; font-size: 14px; line-height: inherit; padding: 0px; font-family: 'Open Sans', Roboto, Arial, Helvetica, sans-serif, SimSun; background-color: #ffffff;\"><span style=\"box-sizing: border-box; -webkit-tap-highlight-color: transparent; outline: 0px; margin: 0px; padding: 0px; max-width: 100%; word-break: break-word; font-family: 'comic sans ms', sans-serif;\"><span style=\"box-sizing: border-box; -webkit-tap-highlight-color: transparent; outline: 0px; margin: 0px; padding: 0px; max-width: 100%; word-break: break-word; font-size: 20px;\">Craft: handmade<br style=\"box-sizing: border-box; -webkit-tap-highlight-color: transparent; outline: 0px;\"><span style=\"box-sizing: border-box; -webkit-tap-highlight-color: transparent; outline: 0px; margin: 0px; padding: 0px; max-width: 100%; word-break: break-word; font-size: 18px;\">Packaging:Safety Packaging<\/span><\/span><\/span><br style=\"box-sizing: border-box; -webkit-tap-highlight-color: transparent; outline: 0px;\"><span style=\"box-sizing: border-box; -webkit-tap-highlight-color: transparent; outline: 0px; margin: 0px; padding: 0px; max-width: 100%; word-break: break-word; font-family: 'comic sans ms', sans-serif;\"><span style=\"box-sizing: border-box; -webkit-tap-highlight-color: transparent; outline: 0px; margin: 0px; padding: 0px; max-width: 100%; word-break: break-word; font-size: 20px;\">Suitable for: tea\/ black tea\/fragrant tea \/Oolong\/puer\/dahongpao\/Tie Guanyin\/juice brewing and recommended family tea or daily professional use.<\/span><\/span><\/p>\n<p style=\"box-sizing: border-box; -webkit-tap-highlight-color: transparent; outline: 0px; margin: 0px; font-size: 14px; line-height: inherit; padding: 0px; font-family: 'Open Sans', Roboto, Arial, Helvetica, sans-serif, SimSun; background-color: #ffffff;\"><span style=\"box-sizing: border-box; -webkit-tap-highlight-color: transparent; outline: 0px; margin: 0px; padding: 0px; max-width: 100%; word-break: break-word; font-family: 'comic sans ms', sans-serif;\"><span style=\"box-sizing: border-box; -webkit-tap-highlight-color: transparent; outline: 0px; margin: 0px; padding: 0px; max-width: 100%; word-break: break-word; font-size: 20px;\">Features: Easy to use and convenient. Family use, travel and gift options.<\/span><\/span><\/p>\n<p style=\"box-sizing: border-box; -webkit-tap-highlight-color: transparent; outline: 0px; margin: 0px; font-size: 14px; line-height: inherit; padding: 0px; font-family: 'Open Sans', Roboto, Arial, Helvetica, sans-serif, SimSun; background-color: #ffffff;\"><strong><span style=\"box-sizing: border-box; -webkit-tap-highlight-color: transparent; outline: 0px; margin: 0px; padding: 0px; max-width: 100%; word-break: break-word; font-family: 'comic sans ms', sans-serif;\"><span style=\"box-sizing: border-box; -webkit-tap-highlight-color: transparent; outline: 0px; margin: 0px; padding: 0px; max-width: 100%; word-break: break-word; font-size: 20px;\">Note:<\/span><\/span><\/strong><\/p>\n<p style=\"box-sizing: border-box; -webkit-tap-highlight-color: transparent; outline: 0px; margin: 0px; font-size: 14px; line-height: inherit; padding: 0px; font-family: 'Open Sans', Roboto, Arial, Helvetica, sans-serif, SimSun; background-color: #ffffff;\"><span style=\"box-sizing: border-box; -webkit-tap-highlight-color: transparent; outline: 0px; margin: 0px; padding: 0px; max-width: 100%; word-break: break-word; font-family: 'comic sans ms', sans-serif;\"><span style=\"box-sizing: border-box; -webkit-tap-highlight-color: transparent; outline: 0px; margin: 0px; padding: 0px; max-width: 100%; word-break: break-word; font-size: 20px;\">1.If You Receive The Package Broken, Please Don&#8217;t Open Dispute and Leave Negative Feedback, Please Contact Us Firstly, We Will Deal With It, Don&#8217;t Worry !<\/span><\/span><\/p>\n<p style=\"box-sizing: border-box; -webkit-tap-highlight-color: transparent; outline: 0px; margin: 0px; font-size: 14px; line-height: inherit; padding: 0px; font-family: 'Open Sans', Roboto, Arial, Helvetica, sans-serif, SimSun; background-color: #ffffff;\"><span style=\"box-sizing: border-box; -webkit-tap-highlight-color: transparent; outline: 0px; margin: 0px; padding: 0px; max-width: 100%; word-break: break-word; font-family: 'comic sans ms', sans-serif;\"><span style=\"box-sizing: border-box; -webkit-tap-highlight-color: transparent; outline: 0px; margin: 0px; padding: 0px; max-width: 100%; word-break: break-word; font-size: 20px;\">2. Due to the light and screen difference, the item&#8217;s color may be slightly different from the pictures.please understand!Thank You!<\/span><\/span><\/p>\n<p style=\"box-sizing: border-box; -webkit-tap-highlight-color: transparent; outline: 0px; margin: 0px; font-size: 14px; line-height: inherit; padding: 0px; font-family: 'Open Sans', Roboto, Arial, Helvetica, sans-serif, SimSun; background-color: #ffffff;\"><span style=\"box-sizing: border-box; -webkit-tap-highlight-color: transparent; outline: 0px; margin: 0px; padding: 0px; max-width: 100%; word-break: break-word; font-family: 'comic sans ms', sans-serif;\"><span style=\"box-sizing: border-box; -webkit-tap-highlight-color: transparent; outline: 0px; margin: 0px; padding: 0px; max-width: 100%; word-break: break-word; font-size: 20px;\">3. Please allow 0.2-0.5 cm differences due to manual measurement.<\/span><\/span><\/p>\n<p><strong><span style=\"color: #222222; font-family: 'comic sans ms', sans-serif; font-size: 20px; background-color: #ffffff;\">The package contains: 1 x Teaware&nbsp;<\/span><\/strong><\/p>\n<p style=\"box-sizing: border-box; -webkit-tap-highlight-color: transparent; outline: 0px; margin: 0px; font-size: 14px; line-height: inherit; padding: 0px; font-family: 'Open Sans', Roboto, Arial, Helvetica, sans-serif, SimSun; background-color: #ffffff;\">&nbsp;<\/p>\n<p><img decoding=\"async\" src=\"https:\/\/ae01.alicdn.com\/kf\/S6da79c1e995748afa1b5d0a8e65ce6cc2.jpg\"><br \/><img decoding=\"async\" src=\"https:\/\/ae01.alicdn.com\/kf\/S6e2a32deb2944478b6267b012ad88ac9p.jpg\"><br \/><img decoding=\"async\" src=\"https:\/\/ae01.alicdn.com\/kf\/S086d8ab2795e4737853c58ffe4dfa5000.jpg\"><br \/><img decoding=\"async\" src=\"https:\/\/ae01.alicdn.com\/kf\/S1984c00548464727831f8e966ca063ccW.jpg\"><br \/><img decoding=\"async\" src=\"https:\/\/ae01.alicdn.com\/kf\/S0161734063234a09a63b17789dfaedaap.jpg\"><br \/><img decoding=\"async\" src=\"https:\/\/ae01.alicdn.com\/kf\/S6e816e0874704da895e9606345106727H.jpg\"><br \/><img decoding=\"async\" src=\"https:\/\/ae01.alicdn.com\/kf\/Sf3b645fa75134773ab85ab81fafd3aeaq.jpg\"><br \/><img decoding=\"async\" src=\"https:\/\/ae01.alicdn.com\/kf\/Sf8e696c07a844c14af18d85859c1312c3.jpg\"><br \/><img decoding=\"async\" src=\"https:\/\/ae01.alicdn.com\/kf\/S888eb9ba76934b1c847b0fc47f902d2dr.jpg\"><br \/><img decoding=\"async\" src=\"https:\/\/ae01.alicdn.com\/kf\/S3561652bfb9449de8514cb463f9d9ac0M.jpg\"><br \/><img decoding=\"async\" src=\"https:\/\/ae01.alicdn.com\/kf\/S5757595efddd46d7a40f883929fa9db42.jpg\"><br \/><img decoding=\"async\" src=\"https:\/\/ae01.alicdn.com\/kf\/S03d9514e55a845729498946778d185cfb.jpg\"><\/p>\n<p style=\"box-sizing: border-box; -webkit-tap-highlight-color: transparent; outline: 0px; margin: 0px; font-size: 14px; line-height: inherit; padding: 0px; font-family: 'Open Sans', Roboto, Arial, Helvetica, sans-serif, SimSun; background-color: #ffffff;\">\n<p><strong><span style=\"font-size: 18px; color: #000000;\">About us\uff1a<\/span><\/strong><br \/>Welcome to our store!&nbsp;<br \/>Hello, my friends. &nbsp;I am glad to meet you. I am so happy that you finally find our store\uff0c<br \/>Chinese Tea Sets Are The Carrier Of Chinese Tea Culture And Have A Long History And Rich Cultural Connotations. With Its Unique Artistic Charm And Practicality, Exquisite Craftsmanship, Unique Shape, And High Artistic Value, Chinese Tea Sets Are Attracting More And More Tea Lovers And Pay More And More Attention To The Selection And Tasting Of Tea Sets. Chinese Tea Sets Include Teapots, Tea Cups, Tea Trays, Tea Towels, Etc., Which Are Of Various Types And Materials, Such As Purple Sand, Ceramics, Glass, Metal, Etc. Among Them, Purple Sand Tea Sets Are Deeply Loved By Tea Lovers For Their Unique Clay Texture And Breathability. When Purchasing Tea Sets, You Should Choose The Materials And Styles That Suit You Based On Your Personal Preferences And The Type Of Tea. Good Tea Sets Can Better Demonstrate The Quality Of Tea And Enhance The Pleasure Of Drinking Tea.<br \/>You could ask me any question you dont understand about China or Chinese tea set. I will answer every question patiently. I do hope this store will bring more surprise for you. May you happiness every day!<br \/><img decoding=\"async\" class=\"wscnph\" src=\"https:\/\/ae01.alicdn.com\/kf\/Seba90a75ac71498399be7d47a9bc3514m.jpg\"><img decoding=\"async\" class=\"wscnph\" src=\"https:\/\/ae01.alicdn.com\/kf\/S3a157274a84843c1b62c1df4e7baddb83.jpg\"><img decoding=\"async\" class=\"wscnph\" src=\"https:\/\/ae01.alicdn.com\/kf\/S0e9399a1e22c4cd086fcd0aae8d5c122K.jpg\"><\/p>\n<\/div>\n<\/div>","protected":false},"excerpt":{"rendered":"<p>High-concerned chemical:&nbsp;None Type:&nbsp;Teacups Material:&nbsp;Ceramic Brand Name:&nbsp;NoEnName_Null Origin:&nbsp;Mainland China Feature 1:&nbsp;tea cup Feature 2:&nbsp;coffeeware teaware Feature 3:&nbsp;tasse Feature 4:&nbsp;mug Feature 5:&nbsp;ceramic<\/p>","protected":false},"featured_media":1760,"comment_status":"open","ping_status":"closed","template":"","meta":[],"product_brand":[],"product_cat":[32],"product_tag":[],"class_list":{"0":"post-1759","1":"product","2":"type-product","3":"status-publish","4":"has-post-thumbnail","6":"product_cat-chinese-teaware","8":"first","9":"instock","10":"shipping-taxable","11":"purchasable","12":"product-type-variable"},"_links":{"self":[{"href":"https:\/\/porzela.com\/pl\/wp-json\/wp\/v2\/product\/1759","targetHints":{"allow":["GET"]}}],"collection":[{"href":"https:\/\/porzela.com\/pl\/wp-json\/wp\/v2\/product"}],"about":[{"href":"https:\/\/porzela.com\/pl\/wp-json\/wp\/v2\/types\/product"}],"replies":[{"embeddable":true,"href":"https:\/\/porzela.com\/pl\/wp-json\/wp\/v2\/comments?post=1759"}],"version-history":[{"count":1,"href":"https:\/\/porzela.com\/pl\/wp-json\/wp\/v2\/product\/1759\/revisions"}],"predecessor-version":[{"id":2535,"href":"https:\/\/porzela.com\/pl\/wp-json\/wp\/v2\/product\/1759\/revisions\/2535"}],"wp:featuredmedia":[{"embeddable":true,"href":"https:\/\/porzela.com\/pl\/wp-json\/wp\/v2\/media\/1760"}],"wp:attachment":[{"href":"https:\/\/porzela.com\/pl\/wp-json\/wp\/v2\/media?parent=1759"}],"wp:term":[{"taxonomy":"product_brand","embeddable":true,"href":"https:\/\/porzela.com\/pl\/wp-json\/wp\/v2\/product_brand?post=1759"},{"taxonomy":"product_cat","embeddable":true,"href":"https:\/\/porzela.com\/pl\/wp-json\/wp\/v2\/product_cat?post=1759"},{"taxonomy":"product_tag","embeddable":true,"href":"https:\/\/porzela.com\/pl\/wp-json\/wp\/v2\/product_tag?post=1759"}],"curies":[{"name":"wp","href":"https:\/\/api.w.org\/{rel}","templated":true}]}}