{"id":1967,"date":"2025-11-02T12:32:40","date_gmt":"2025-11-02T12:32:40","guid":{"rendered":"https:\/\/porzela.com\/product\/tableware-solid-wood-food-tray-round-rectangle-dessert-plate-japanese-style-wooden-snack-fruit-tea-saucer-pallet-bread-board\/"},"modified":"2026-03-19T00:38:20","modified_gmt":"2026-03-18T16:38:20","slug":"tableware-solid-wood-food-tray-round-rectangle-dessert-plate-japanese-style-wooden-snack-fruit-tea-saucer-pallet-bread-board","status":"publish","type":"product","link":"https:\/\/porzela.com\/pl\/shop\/tableware-solid-wood-food-tray-round-rectangle-dessert-plate-japanese-style-wooden-snack-fruit-tea-saucer-pallet-bread-board\/","title":{"rendered":"Naczynia sto\u0142owe: taca na jedzenie z litego drewna, okr\u0105g\u0142a, prostok\u0105tna, deserowy talerz, japo\u0144ski styl, drewniany spodek na przek\u0105ski, owoce, chi\u0144ski spodek do herbaty, paleta, deska do chleba"},"content":{"rendered":"<div class=\"product-specs-list-container\">\n<ul class=\"product-specs-list util-clearfix\">\n<li class=\"product-prop line-limit-length\"><span\n                                        class=\"property-title\">High-concerned chemical:&nbsp;<\/span><span\n                                        class=\"property-desc line-limit-length\">None<\/span>\n                            <\/li>\n<li class=\"product-prop line-limit-length\"><span\n                                        class=\"property-title\">Material:&nbsp;<\/span><span\n                                        class=\"property-desc line-limit-length\">Wood<\/span>\n                            <\/li>\n<li class=\"product-prop line-limit-length\"><span\n                                        class=\"property-title\">Regional Feature:&nbsp;<\/span><span\n                                        class=\"property-desc line-limit-length\">japan<\/span>\n                            <\/li>\n<li class=\"product-prop line-limit-length\"><span\n                                        class=\"property-title\">Brand Name:&nbsp;<\/span><span\n                                        class=\"property-desc line-limit-length\">YOWEI<\/span>\n                            <\/li>\n<li class=\"product-prop line-limit-length\"><span\n                                        class=\"property-title\">Origin:&nbsp;<\/span><span\n                                        class=\"property-desc line-limit-length\">Mainland China<\/span>\n                            <\/li>\n<\/ul><\/div>\n<div class=\"detailmodule_html\">\n<div class=\"detail-desc-decorate-richtext\">\n<p><span style=\"font-size:16px;font-family:Verdana\">Features:<\/span><\/p>\n<p><span style=\"font-size:16px;font-family:Verdana\">1. Versatility: Wooden pallets can be used to transport, store, organize and display various items, and are suitable for homes, gardens, studios and other occasions.<\/span><\/p>\n<p><span style=\"font-size:16px;font-family:Verdana\">2. High-quality materials: All wooden pallets are made of high-quality wood, which is strong and durable and can withstand heavy objects, ensuring their safety.<\/span><\/p>\n<p><span style=\"font-size:16px;font-family:Verdana\">3. Environmentally friendly: Using renewable materials helps protect the environment while reducing the carbon footprint in the manufacturing process.<\/span><\/p>\n<p><span style=\"font-size:16px;font-family:Verdana\">4. Beautiful: With a beautiful natural wooden surface, it can be regarded as a decoration even if it is exposed, adding a rustic charm to any space.<\/span><\/p>\n<p><span style=\"font-size:16px;font-family:Verdana\">5. Easy to use: Wooden pallets do not require any additional tools or installation steps and can be used directly, saving a lot of time and energy.<\/span><\/p>\n<p><span style=\"font-size:16px;font-family:Verdana\">Specification:<\/span><\/p>\n<p><span style=\"font-size:16px;font-family:Verdana\">Color: as shown in the picture<\/span><\/p>\n<p><span style=\"font-size:16px;font-family:Verdana\">Material: wood<\/span><\/p>\n<p><span style=\"font-size:16px;font-family:Verdana\">Dimensions: as shown in the picture<\/span><\/p>\n<p><span style=\"font-size:16px;font-family:Verdana\">Package includes: 1* wooden pallet<\/span><\/p>\n<p><span style=\"font-size:16px;font-family:Verdana\">Note:<\/span><\/p>\n<p><span style=\"font-size:16px;font-family:Verdana\">1. Please note that the photo does not show actual size, please refer to Description for size details.<\/span><\/p>\n<p><span style=\"font-size:16px;font-family:Verdana\">2. Please allow 5-10mm differences due to manual measurement, thanks.<\/span><\/p>\n<p><span style=\"font-size:16px;font-family:Verdana\">3. Due to the difference between different monitors, the image may not reflect the actual color of the item.<\/span><\/p>\n<div class=\"detailmodule_image\"><img decoding=\"async\" class=\"detail-desc-decorate-image\" src=\"https:\/\/ae01.alicdn.com\/kf\/S92c39cad981643c19e106739b862a992n.jpg\" slate-data-type=\"image\"\/><img decoding=\"async\" class=\"detail-desc-decorate-image\" src=\"https:\/\/ae01.alicdn.com\/kf\/Se3f09dc9914e45a3ac9ba3478be0e0a72.jpg\" slate-data-type=\"image\"\/><img decoding=\"async\" class=\"detail-desc-decorate-image\" src=\"https:\/\/ae01.alicdn.com\/kf\/Sf00d7e7258d14176ae901d05bf20ea6aG.jpg\" slate-data-type=\"image\"\/><img decoding=\"async\" class=\"detail-desc-decorate-image\" src=\"https:\/\/ae01.alicdn.com\/kf\/Sb6f2d39eeb894b158bed79faa47ea73bW.jpg\" slate-data-type=\"image\"\/><img decoding=\"async\" class=\"detail-desc-decorate-image\" src=\"https:\/\/ae01.alicdn.com\/kf\/S64e110a892c3410489b1d55c95d8ca7d7.jpg\" slate-data-type=\"image\"\/><img decoding=\"async\" class=\"detail-desc-decorate-image\" src=\"https:\/\/ae01.alicdn.com\/kf\/Sfdd2a87a6c7842ca822500a15064b76a9.jpg\" slate-data-type=\"image\"\/><img decoding=\"async\" class=\"detail-desc-decorate-image\" src=\"https:\/\/ae01.alicdn.com\/kf\/S53af93093d4e4ef799218c2747d75d3fj.jpg\" slate-data-type=\"image\"\/><img decoding=\"async\" class=\"detail-desc-decorate-image\" src=\"https:\/\/ae01.alicdn.com\/kf\/S18f11cdfb7c64378b8c47cf71bb65bfaM.jpg\" slate-data-type=\"image\"\/><img decoding=\"async\" class=\"detail-desc-decorate-image\" src=\"https:\/\/ae01.alicdn.com\/kf\/S231dd3072861491b8921a3f2bfff63d76.jpg\" slate-data-type=\"image\"\/><img decoding=\"async\" class=\"detail-desc-decorate-image\" src=\"https:\/\/ae01.alicdn.com\/kf\/S224c56332a3a40a1b9374fe00ee45c85X.jpg\" slate-data-type=\"image\"\/><\/div>\n<div><\/div>\n<\/div>\n<\/div>\n<p><\/p>","protected":false},"excerpt":{"rendered":"<p>High-concerned chemical:&nbsp;None Material:&nbsp;Wood Regional Feature:&nbsp;japan Brand Name:&nbsp;YOWEI Origin:&nbsp;Mainland China Features: 1. Versatility: Wooden pallets can be used to transport, store,<\/p>","protected":false},"featured_media":1968,"comment_status":"open","ping_status":"closed","template":"","meta":[],"product_brand":[],"product_cat":[32],"product_tag":[],"class_list":{"0":"post-1967","1":"product","2":"type-product","3":"status-publish","4":"has-post-thumbnail","6":"product_cat-chinese-teaware","8":"first","9":"instock","10":"shipping-taxable","11":"purchasable","12":"product-type-variable"},"_links":{"self":[{"href":"https:\/\/porzela.com\/pl\/wp-json\/wp\/v2\/product\/1967","targetHints":{"allow":["GET"]}}],"collection":[{"href":"https:\/\/porzela.com\/pl\/wp-json\/wp\/v2\/product"}],"about":[{"href":"https:\/\/porzela.com\/pl\/wp-json\/wp\/v2\/types\/product"}],"replies":[{"embeddable":true,"href":"https:\/\/porzela.com\/pl\/wp-json\/wp\/v2\/comments?post=1967"}],"version-history":[{"count":1,"href":"https:\/\/porzela.com\/pl\/wp-json\/wp\/v2\/product\/1967\/revisions"}],"predecessor-version":[{"id":2525,"href":"https:\/\/porzela.com\/pl\/wp-json\/wp\/v2\/product\/1967\/revisions\/2525"}],"wp:featuredmedia":[{"embeddable":true,"href":"https:\/\/porzela.com\/pl\/wp-json\/wp\/v2\/media\/1968"}],"wp:attachment":[{"href":"https:\/\/porzela.com\/pl\/wp-json\/wp\/v2\/media?parent=1967"}],"wp:term":[{"taxonomy":"product_brand","embeddable":true,"href":"https:\/\/porzela.com\/pl\/wp-json\/wp\/v2\/product_brand?post=1967"},{"taxonomy":"product_cat","embeddable":true,"href":"https:\/\/porzela.com\/pl\/wp-json\/wp\/v2\/product_cat?post=1967"},{"taxonomy":"product_tag","embeddable":true,"href":"https:\/\/porzela.com\/pl\/wp-json\/wp\/v2\/product_tag?post=1967"}],"curies":[{"name":"wp","href":"https:\/\/api.w.org\/{rel}","templated":true}]}}