{"id":1442,"date":"2025-11-02T09:26:24","date_gmt":"2025-11-02T09:26:24","guid":{"rendered":"https:\/\/porzela.com\/product\/large-tiered-tray-stand-3-tier-serving-tray-porcelain-baking-set-with-serving-stand-3-tier-buffet-server-for-fruit-dessert-food\/"},"modified":"2026-03-19T00:38:29","modified_gmt":"2026-03-18T16:38:29","slug":"large-tiered-tray-stand-3-tier-serving-tray-porcelain-baking-set-with-serving-stand-3-tier-buffet-server-for-fruit-dessert-food","status":"publish","type":"product","link":"https:\/\/porzela.com\/sv\/shop\/large-tiered-tray-stand-3-tier-serving-tray-porcelain-baking-set-with-serving-stand-3-tier-buffet-server-for-fruit-dessert-food\/","title":{"rendered":"Stor pelaruppst\u00e4llning tre niv\u00e5er serveringsbricka i porslin bakningsset med serveringsst\u00e4ll tre niv\u00e5er buff\u00e9server f\u00f6r frukt efterr\u00e4tt mat"},"content":{"rendered":"<div class=\"product-specs-list-container\">\n<ul class=\"product-specs-list util-clearfix\">\n<li class=\"product-prop line-limit-length\"><span\n                                        class=\"property-title\">High-concerned chemical:&nbsp;<\/span><span\n                                        class=\"property-desc line-limit-length\">None<\/span>\n                            <\/li>\n<li class=\"product-prop line-limit-length\"><span\n                                        class=\"property-title\">Brand Name:&nbsp;<\/span><span\n                                        class=\"property-desc line-limit-length\">OLOEY<\/span>\n                            <\/li>\n<li class=\"product-prop line-limit-length\"><span\n                                        class=\"property-title\">Origin:&nbsp;<\/span><span\n                                        class=\"property-desc line-limit-length\">Mainland China<\/span>\n                            <\/li>\n<\/ul><\/div>\n<div class=\"detailmodule_html\">\n<div class=\"detail-desc-decorate-richtext\"><img decoding=\"async\" alt=\"description\" referrerpolicy=\"no-referrer\" src=\"https:\/\/ae01.alicdn.com\/kf\/Sc36da237f41e40a398e3342414382784x.jpg\"><img decoding=\"async\" alt=\"description\" referrerpolicy=\"no-referrer\" src=\"https:\/\/ae01.alicdn.com\/kf\/S98188dc442f44c58898e190c586b45cbA.jpg\"><img decoding=\"async\" alt=\"description\" referrerpolicy=\"no-referrer\" src=\"https:\/\/ae01.alicdn.com\/kf\/Se852ed8b8db042eaa52a233ba91120a5t.jpg\"><img decoding=\"async\" alt=\"description\" referrerpolicy=\"no-referrer\" src=\"https:\/\/ae01.alicdn.com\/kf\/Saba91d186fa045539e5bd352fe7e4d0bY.jpg\"><img decoding=\"async\" alt=\"description\" referrerpolicy=\"no-referrer\" src=\"https:\/\/ae01.alicdn.com\/kf\/S796bd4680c834f26b37288c84e4c6b54a.jpg\"><img decoding=\"async\" alt=\"description\" referrerpolicy=\"no-referrer\" src=\"https:\/\/ae01.alicdn.com\/kf\/S24a6f6c795524da195f83a19e598faaeB.jpg\"><img decoding=\"async\" alt=\"description\" referrerpolicy=\"no-referrer\" src=\"https:\/\/ae01.alicdn.com\/kf\/S06461d2f28fa41ad97a670c1ec0b8211b.jpg\"><\/div>\n<\/div>","protected":false},"excerpt":{"rendered":"<p>High-concerned chemical:&nbsp;None Brand Name:&nbsp;OLOEY Origin:&nbsp;Mainland China<\/p>","protected":false},"featured_media":1443,"comment_status":"open","ping_status":"closed","template":"","meta":[],"product_brand":[],"product_cat":[32],"product_tag":[],"class_list":{"0":"post-1442","1":"product","2":"type-product","3":"status-publish","4":"has-post-thumbnail","6":"product_cat-chinese-teaware","8":"first","9":"instock","10":"shipping-taxable","11":"purchasable","12":"product-type-variable"},"_links":{"self":[{"href":"https:\/\/porzela.com\/sv\/wp-json\/wp\/v2\/product\/1442","targetHints":{"allow":["GET"]}}],"collection":[{"href":"https:\/\/porzela.com\/sv\/wp-json\/wp\/v2\/product"}],"about":[{"href":"https:\/\/porzela.com\/sv\/wp-json\/wp\/v2\/types\/product"}],"replies":[{"embeddable":true,"href":"https:\/\/porzela.com\/sv\/wp-json\/wp\/v2\/comments?post=1442"}],"version-history":[{"count":1,"href":"https:\/\/porzela.com\/sv\/wp-json\/wp\/v2\/product\/1442\/revisions"}],"predecessor-version":[{"id":1594,"href":"https:\/\/porzela.com\/sv\/wp-json\/wp\/v2\/product\/1442\/revisions\/1594"}],"wp:featuredmedia":[{"embeddable":true,"href":"https:\/\/porzela.com\/sv\/wp-json\/wp\/v2\/media\/1443"}],"wp:attachment":[{"href":"https:\/\/porzela.com\/sv\/wp-json\/wp\/v2\/media?parent=1442"}],"wp:term":[{"taxonomy":"product_brand","embeddable":true,"href":"https:\/\/porzela.com\/sv\/wp-json\/wp\/v2\/product_brand?post=1442"},{"taxonomy":"product_cat","embeddable":true,"href":"https:\/\/porzela.com\/sv\/wp-json\/wp\/v2\/product_cat?post=1442"},{"taxonomy":"product_tag","embeddable":true,"href":"https:\/\/porzela.com\/sv\/wp-json\/wp\/v2\/product_tag?post=1442"}],"curies":[{"name":"wp","href":"https:\/\/api.w.org\/{rel}","templated":true}]}}