{"id":1835,"date":"2025-11-02T12:31:07","date_gmt":"2025-11-02T12:31:07","guid":{"rendered":"https:\/\/porzela.com\/product\/fish-landscaping-cartoon-fishing-ornaments-aquarium-accessories-household-supplies-home-office-decoration\/"},"modified":"2026-03-19T00:38:24","modified_gmt":"2026-03-18T16:38:24","slug":"fish-landscaping-cartoon-fishing-ornaments-aquarium-accessories-household-supplies-home-office-decoration","status":"publish","type":"product","link":"https:\/\/porzela.com\/sv\/shop\/fish-landscaping-cartoon-fishing-ornaments-aquarium-accessories-household-supplies-home-office-decoration\/","title":{"rendered":"Fisklandskaps tecknad fiskeredskap Prydnader Akvarietillbeh\u00f6r Hush\u00e5llstillbeh\u00f6r Kontorsinredning"},"content":{"rendered":"<div class=\"product-specs-list-container\">\n<ul class=\"product-specs-list util-clearfix\">\n<li class=\"product-prop line-limit-length\"><span\n                                        class=\"property-title\">Style:&nbsp;<\/span><span\n                                        class=\"property-desc line-limit-length\">Pastoral Style<\/span>\n                            <\/li>\n<li class=\"product-prop line-limit-length\"><span\n                                        class=\"property-title\">Material:&nbsp;<\/span><span\n                                        class=\"property-desc line-limit-length\">Resin<\/span>\n                            <\/li>\n<li class=\"product-prop line-limit-length\"><span\n                                        class=\"property-title\">Origin:&nbsp;<\/span><span\n                                        class=\"property-desc line-limit-length\">Mainland China<\/span>\n                            <\/li>\n<li class=\"product-prop line-limit-length\"><span\n                                        class=\"property-title\">Material:&nbsp;<\/span><span\n                                        class=\"property-desc line-limit-length\">Resin<\/span>\n                            <\/li>\n<\/ul><\/div>\n<div class=\"detailmodule_html\">\n<div class=\"detail-desc-decorate-richtext\">\n<div style=\"font-size: 18px;\">\n <b>Features:<\/b><br \/>\n <br \/>\n <span style=\"background: white; color: #fff;\">OOTDTY<\/span> &nbsp;<\/p>\n<p>Brand new and high quality<br \/>\n <br \/>figurine decorates your aquarium, home, desk or office.<br \/>\n <br \/>With a realistic appearance, this ornament is and interesting and can be placed on the fish<br \/>\n <br \/>Made of fine quality resin material, it is exquisitely made, durable and long-lasting.<br \/>\n <br \/>This ornaments is suitable for fish and aquarium decoration and landscape.<br \/>\n <br \/>It is very small, easy to carry, and is a great choice for scene arrangement. <\/p>\n<p> <b>Specifications:<\/b><br \/>\n <br \/>Material: Resin<br \/>\n <br \/>Size: approx.4cm\/1.57in<br \/>\n <br \/>7 Color and Optional: Choose by yourself<br \/>\n <br \/>Quantity: 1 Pc <\/p>\n<p> <b>Package Includes:<\/b><br \/>\n <br \/>1 Fishing Ornaments <\/p>\n<p> <b>Note:<\/b><br \/>\n <br \/>Please allow 0-1cm error due to manual measurement. please make sure you do not mind before you bid.<br \/>\n <br \/>Due to difference between different monitors, the picture may not reflect the actual color of the item. <\/p>\n<p> <img decoding=\"async\" src=\"https:\/\/ae01.alicdn.com\/kf\/S4484593464644004a0de6b0aa7c443d13.jpg\" style=\"width:800px;\" \/><br \/>\n <br \/> <br \/>\n <img decoding=\"async\" src=\"https:\/\/ae01.alicdn.com\/kf\/Sd6f4d1bcff0a46de9d4de58067215cc5K.jpg\" style=\"width:800px;\" \/><br \/>\n <br \/> <br \/>\n <img decoding=\"async\" src=\"https:\/\/ae01.alicdn.com\/kf\/Sea771285cdb34802913d7cc0d80498313.jpg\" style=\"width:800px;\" \/><br \/>\n <br \/> <br \/>\n <img decoding=\"async\" src=\"https:\/\/ae01.alicdn.com\/kf\/Sea6b6ed4f7734f61893bdc3aa6d3abc5y.jpg\" style=\"width:800px;\" \/><br \/>\n <br \/> <br \/>\n <img decoding=\"async\" src=\"https:\/\/ae01.alicdn.com\/kf\/S154ef5c7e4714a51af9ee979c82d9af4z.jpg\" style=\"width:800px;\" \/><br \/>\n <br \/> <br \/>\n <img decoding=\"async\" src=\"https:\/\/ae01.alicdn.com\/kf\/S25219e50afa34bbf81db51b49e712431c.jpg\" style=\"width:800px;\" \/><br \/>\n <br \/> <br \/>\n <img decoding=\"async\" src=\"https:\/\/ae01.alicdn.com\/kf\/Scbe98b45697049a2a63e3fa9d54f8e03q.jpg\" style=\"width:800px;\" \/><br \/>\n <br \/> <br \/>\n <img decoding=\"async\" src=\"https:\/\/ae01.alicdn.com\/kf\/Sf86e2d957a724c4e9f876cd19a0e9b3en.jpg\" style=\"width:800px;\" \/><br \/>\n <br \/> <br \/>\n <img decoding=\"async\" src=\"https:\/\/ae01.alicdn.com\/kf\/S047d461d77b340d89219f97942689961x.jpg\" style=\"width:800px;\" \/><br \/>\n <br \/> <br \/>\n <img decoding=\"async\" src=\"https:\/\/ae01.alicdn.com\/kf\/S028d9e1052254381a2c37307ec7c9b79I.jpg\" style=\"width:800px;\" \/><br \/>\n <br \/> \n<\/div>\n<p><\/div>\n<\/div>","protected":false},"excerpt":{"rendered":"<p>Style:&nbsp;Pastoral Style Material:&nbsp;Resin Origin:&nbsp;Mainland China Material:&nbsp;Resin Features: OOTDTY &nbsp; Brand new and high quality figurine decorates your aquarium, home, desk<\/p>","protected":false},"featured_media":1836,"comment_status":"open","ping_status":"closed","template":"","meta":[],"product_brand":[],"product_cat":[32],"product_tag":[],"class_list":{"0":"post-1835","1":"product","2":"type-product","3":"status-publish","4":"has-post-thumbnail","6":"product_cat-chinese-teaware","8":"first","9":"instock","10":"shipping-taxable","11":"purchasable","12":"product-type-variable"},"_links":{"self":[{"href":"https:\/\/porzela.com\/sv\/wp-json\/wp\/v2\/product\/1835","targetHints":{"allow":["GET"]}}],"collection":[{"href":"https:\/\/porzela.com\/sv\/wp-json\/wp\/v2\/product"}],"about":[{"href":"https:\/\/porzela.com\/sv\/wp-json\/wp\/v2\/types\/product"}],"replies":[{"embeddable":true,"href":"https:\/\/porzela.com\/sv\/wp-json\/wp\/v2\/comments?post=1835"}],"version-history":[{"count":1,"href":"https:\/\/porzela.com\/sv\/wp-json\/wp\/v2\/product\/1835\/revisions"}],"predecessor-version":[{"id":2533,"href":"https:\/\/porzela.com\/sv\/wp-json\/wp\/v2\/product\/1835\/revisions\/2533"}],"wp:featuredmedia":[{"embeddable":true,"href":"https:\/\/porzela.com\/sv\/wp-json\/wp\/v2\/media\/1836"}],"wp:attachment":[{"href":"https:\/\/porzela.com\/sv\/wp-json\/wp\/v2\/media?parent=1835"}],"wp:term":[{"taxonomy":"product_brand","embeddable":true,"href":"https:\/\/porzela.com\/sv\/wp-json\/wp\/v2\/product_brand?post=1835"},{"taxonomy":"product_cat","embeddable":true,"href":"https:\/\/porzela.com\/sv\/wp-json\/wp\/v2\/product_cat?post=1835"},{"taxonomy":"product_tag","embeddable":true,"href":"https:\/\/porzela.com\/sv\/wp-json\/wp\/v2\/product_tag?post=1835"}],"curies":[{"name":"wp","href":"https:\/\/api.w.org\/{rel}","templated":true}]}}