{"id":1857,"date":"2025-11-02T12:31:18","date_gmt":"2025-11-02T12:31:18","guid":{"rendered":"https:\/\/porzela.com\/product\/yixing-tea-pot-purple-clay-filter-teapot-raw-ore-beauty-handmade-kettle-chinese-tea-set-custom-gifts-authentic-210ml\/"},"modified":"2026-03-19T00:38:23","modified_gmt":"2026-03-18T16:38:23","slug":"yixing-tea-pot-purple-clay-filter-teapot-raw-ore-beauty-handmade-kettle-chinese-tea-set-custom-gifts-authentic-210ml","status":"publish","type":"product","link":"https:\/\/porzela.com\/sv\/shop\/yixing-tea-pot-purple-clay-filter-teapot-raw-ore-beauty-handmade-kettle-chinese-tea-set-custom-gifts-authentic-210ml\/","title":{"rendered":"Yixing Tekanna i lila lergods Silfilter Tekanna R\u00e5malm Sk\u00f6nhet Handgjord Kittel Kinesiskt Teset Anpassade Presenter \u00c4kta 210ml"},"content":{"rendered":"<div class=\"product-specs-list-container\">\n<ul class=\"product-specs-list util-clearfix\">\n<li class=\"product-prop line-limit-length\"><span\n                                        class=\"property-title\">High-concerned chemical:&nbsp;<\/span><span\n                                        class=\"property-desc line-limit-length\">None<\/span>\n                            <\/li>\n<li class=\"product-prop line-limit-length\"><span\n                                        class=\"property-title\">Capacity:&nbsp;<\/span><span\n                                        class=\"property-desc line-limit-length\">201-300ml<\/span>\n                            <\/li>\n<li class=\"product-prop line-limit-length\"><span\n                                        class=\"property-title\">Material:&nbsp;<\/span><span\n                                        class=\"property-desc line-limit-length\">Purple Clay<\/span>\n                            <\/li>\n<li class=\"product-prop line-limit-length\"><span\n                                        class=\"property-title\">Brand Name:&nbsp;<\/span><span\n                                        class=\"property-desc line-limit-length\">NLSLASI<\/span>\n                            <\/li>\n<li class=\"product-prop line-limit-length\"><span\n                                        class=\"property-title\">Origin:&nbsp;<\/span><span\n                                        class=\"property-desc line-limit-length\">Mainland China<\/span>\n                            <\/li>\n<\/ul><\/div>\n<div class=\"detailmodule_html\">\n<div class=\"detail-desc-decorate-richtext\">\n<p><span style=\"font-size:18px\">Yixing tea pot purple clay filter teapot Raw ore beauty Handmade kettle Chinese Tea set custom gifts Authentic 210ml<\/p>\n<p>Item Information:<br \/>\nType:Teapot<br \/>\nMaterial: Raw ore purple clay<br \/>\nsize:13x6cm &nbsp;210ml<br \/>\nCraft: handmade<br \/>\nAuthor: folk artists<br \/>\nSuitable for: Oolong,puer,dahongpao,Tie Guanyin<br \/>\nPacking: 1 pcs Teapot.<br \/>\nAll the teapot the author handmade once ,If you like ,don&#8217;t wait,the next time you will lose the chance to get it.<\/p>\n<p>Note:<br \/>\nIf You Receive The Package Broken, Please Don&#8217;t Open Dispute and Leave Negative Feedback, Please Contact Us Firstly, We Will Deal With It, Don&#8217;t Worry !<br \/>\n1. Due to the light and screen difference, the item&#8217;s color may be slightly different from the pictures.<br \/>\n2. Please allow 1-2 cm differences due to manual measurement.<\/span><\/p>\n<p align=\"left\" style=\"text-align:left;margin:0px;margin-bottom:0px;margin-top:0px;margin-left:0px;margin-right:0px\"><img decoding=\"async\" data-id=\"ckeditor_img36\" referrerpolicy=\"no-referrer\" slate-data-type=\"image\" src=\"https:\/\/ae01.alicdn.com\/kf\/H1f58233a46394e04955aba3bfc34f664s.jpg?width=800&#038;height=582&#038;hash=1382\"><img decoding=\"async\" data-id=\"ckeditor_img37\" referrerpolicy=\"no-referrer\" slate-data-type=\"image\" src=\"https:\/\/ae01.alicdn.com\/kf\/H5f675a9df7e74321bb2a1ff621d26773A.jpg?width=800&#038;height=800&#038;hash=1600\"><img decoding=\"async\" data-id=\"ckeditor_img38\" referrerpolicy=\"no-referrer\" slate-data-type=\"image\" src=\"https:\/\/ae01.alicdn.com\/kf\/Hc2bb97c1b6104e4db684e1d542690988K.jpg?width=800&#038;height=800&#038;hash=1600\"><img decoding=\"async\" data-id=\"ckeditor_img39\" referrerpolicy=\"no-referrer\" slate-data-type=\"image\" src=\"https:\/\/ae01.alicdn.com\/kf\/He80e22e550cd439db98f4c263a7dc683d.jpg?width=800&#038;height=800&#038;hash=1600\"><img decoding=\"async\" data-id=\"ckeditor_img40\" referrerpolicy=\"no-referrer\" slate-data-type=\"image\" src=\"https:\/\/ae01.alicdn.com\/kf\/Hcf74f9014b734e14922ced759a4fa43fb.jpg?width=800&#038;height=800&#038;hash=1600\"><img decoding=\"async\" data-id=\"ckeditor_img41\" referrerpolicy=\"no-referrer\" slate-data-type=\"image\" src=\"https:\/\/ae01.alicdn.com\/kf\/H36af724f5d844ff1a9ab1dd2f0c2b832r.jpg?width=800&#038;height=800&#038;hash=1600\"><img decoding=\"async\" data-id=\"ckeditor_img42\" referrerpolicy=\"no-referrer\" slate-data-type=\"image\" src=\"https:\/\/ae01.alicdn.com\/kf\/Ha604e950da4048d7b5763929cc323246F.jpg?width=800&#038;height=800&#038;hash=1600\"><img decoding=\"async\" data-id=\"ckeditor_img43\" referrerpolicy=\"no-referrer\" slate-data-type=\"image\" src=\"https:\/\/ae01.alicdn.com\/kf\/H5f286d058b764d82afbec56ca3c3f9b6O.jpg?width=800&#038;height=798&#038;hash=1598\"><img decoding=\"async\" data-id=\"ckeditor_img44\" referrerpolicy=\"no-referrer\" slate-data-type=\"image\" src=\"https:\/\/ae01.alicdn.com\/kf\/Hc60811501e5e4275a1c0cf699be27504t.jpg?width=800&#038;height=787&#038;hash=1587\"><img decoding=\"async\" data-id=\"ckeditor_img45\" referrerpolicy=\"no-referrer\" slate-data-type=\"image\" src=\"https:\/\/ae01.alicdn.com\/kf\/H34f6ef8b0fc24b0cbeb6380e9aa1c2e0U.jpg?width=800&#038;height=808&#038;hash=1608\"><img decoding=\"async\" data-id=\"ckeditor_img46\" referrerpolicy=\"no-referrer\" slate-data-type=\"image\" src=\"https:\/\/ae01.alicdn.com\/kf\/Hc54de609084c408e893677f6b44dbadfx.jpg?width=800&#038;height=802&#038;hash=1602\"><img decoding=\"async\" data-id=\"ckeditor_img47\" referrerpolicy=\"no-referrer\" slate-data-type=\"image\" src=\"https:\/\/ae01.alicdn.com\/kf\/H3316968d8a9342599135a8611d007d985.jpg?width=800&#038;height=800&#038;hash=1600\"><img decoding=\"async\" data-id=\"ckeditor_img48\" referrerpolicy=\"no-referrer\" slate-data-type=\"image\" src=\"https:\/\/ae01.alicdn.com\/kf\/H7c3cfc5d27f34ed5a043b52c547892c7I.jpg?width=800&#038;height=791&#038;hash=1591\"><img decoding=\"async\" data-id=\"ckeditor_img49\" referrerpolicy=\"no-referrer\" slate-data-type=\"image\" src=\"https:\/\/ae01.alicdn.com\/kf\/Hd33fb1cc96584b6f88a673b3e3a2e0ceN.jpg?width=800&#038;height=800&#038;hash=1600\"><img decoding=\"async\" data-id=\"ckeditor_img50\" referrerpolicy=\"no-referrer\" slate-data-type=\"image\" src=\"https:\/\/ae01.alicdn.com\/kf\/H4aef95f7a8354ad88fa83a58381d6e28o.jpg?width=800&#038;height=501&#038;hash=1301\"><img decoding=\"async\" data-id=\"ckeditor_img51\" referrerpolicy=\"no-referrer\" slate-data-type=\"image\" src=\"https:\/\/ae01.alicdn.com\/kf\/Ha520f4ae34e449e89634d08545c48502h.jpg?width=800&#038;height=484&#038;hash=1284\"><\/p>\n<\/div>\n<\/div>","protected":false},"excerpt":{"rendered":"<p>High-concerned chemical:&nbsp;None Capacity:&nbsp;201-300ml Material:&nbsp;Purple Clay Brand Name:&nbsp;NLSLASI Origin:&nbsp;Mainland China Yixing tea pot purple clay filter teapot Raw ore beauty Handmade<\/p>","protected":false},"featured_media":1858,"comment_status":"open","ping_status":"closed","template":"","meta":[],"product_brand":[],"product_cat":[32],"product_tag":[],"class_list":{"0":"post-1857","1":"product","2":"type-product","3":"status-publish","4":"has-post-thumbnail","6":"product_cat-chinese-teaware","8":"first","9":"instock","10":"shipping-taxable","11":"purchasable","12":"product-type-variable"},"_links":{"self":[{"href":"https:\/\/porzela.com\/sv\/wp-json\/wp\/v2\/product\/1857","targetHints":{"allow":["GET"]}}],"collection":[{"href":"https:\/\/porzela.com\/sv\/wp-json\/wp\/v2\/product"}],"about":[{"href":"https:\/\/porzela.com\/sv\/wp-json\/wp\/v2\/types\/product"}],"replies":[{"embeddable":true,"href":"https:\/\/porzela.com\/sv\/wp-json\/wp\/v2\/comments?post=1857"}],"version-history":[{"count":1,"href":"https:\/\/porzela.com\/sv\/wp-json\/wp\/v2\/product\/1857\/revisions"}],"predecessor-version":[{"id":2532,"href":"https:\/\/porzela.com\/sv\/wp-json\/wp\/v2\/product\/1857\/revisions\/2532"}],"wp:featuredmedia":[{"embeddable":true,"href":"https:\/\/porzela.com\/sv\/wp-json\/wp\/v2\/media\/1858"}],"wp:attachment":[{"href":"https:\/\/porzela.com\/sv\/wp-json\/wp\/v2\/media?parent=1857"}],"wp:term":[{"taxonomy":"product_brand","embeddable":true,"href":"https:\/\/porzela.com\/sv\/wp-json\/wp\/v2\/product_brand?post=1857"},{"taxonomy":"product_cat","embeddable":true,"href":"https:\/\/porzela.com\/sv\/wp-json\/wp\/v2\/product_cat?post=1857"},{"taxonomy":"product_tag","embeddable":true,"href":"https:\/\/porzela.com\/sv\/wp-json\/wp\/v2\/product_tag?post=1857"}],"curies":[{"name":"wp","href":"https:\/\/api.w.org\/{rel}","templated":true}]}}